{"id":451,"date":"2022-09-23T14:48:32","date_gmt":"2022-09-23T14:48:32","guid":{"rendered":"https:\/\/theme.madsparrow.me\/most\/?page_id=451"},"modified":"2025-07-02T13:53:50","modified_gmt":"2025-07-02T11:53:50","slug":"projekty","status":"publish","type":"page","link":"https:\/\/mmproduction.agency\/cs\/projects\/","title":{"rendered":"Projekty"},"content":{"rendered":"<div data-elementor-type=\"wp-page\" data-elementor-id=\"451\" class=\"elementor elementor-451\" data-elementor-post-type=\"page\">\n\t\t\t\t\t\t<section class=\"elementor-section elementor-top-section elementor-element elementor-element-cf48a8d elementor-section-boxed elementor-section-height-default elementor-section-height-default\" data-id=\"cf48a8d\" data-element_type=\"section\" data-e-type=\"section\" data-settings=\"{&quot;background_background&quot;:&quot;classic&quot;}\">\n\t\t\t\t\t\t<div class=\"elementor-container elementor-column-gap-default\">\n\t\t\t\t\t<div class=\"elementor-column elementor-col-100 elementor-top-column elementor-element elementor-element-35a7278d\" data-id=\"35a7278d\" data-element_type=\"column\" data-e-type=\"column\">\n\t\t\t<div class=\"elementor-widget-wrap elementor-element-populated\">\n\t\t\t\t\t\t<div class=\"elementor-element elementor-element-2364bb56 elementor-widget elementor-widget-text-editor\" data-id=\"2364bb56\" data-element_type=\"widget\" data-e-type=\"widget\" data-widget_type=\"text-editor.default\">\n\t\t\t\t<div class=\"elementor-widget-container\">\n\t\t\t\t\t\t\t\t\t<p>Vytvo\u0159eno t\u00fdmem MM Production.<\/p>\t\t\t\t\t\t\t\t<\/div>\n\t\t\t\t<\/div>\n\t\t\t\t\t<\/div>\n\t\t<\/div>\n\t\t\t\t\t<\/div>\n\t\t<\/section>\n\t\t\t\t<section class=\"elementor-section elementor-top-section elementor-element elementor-element-019d2cf elementor-section-boxed elementor-section-height-default elementor-section-height-default\" data-id=\"019d2cf\" data-element_type=\"section\" data-e-type=\"section\">\n\t\t\t\t\t\t<div class=\"elementor-container elementor-column-gap-extended\">\n\t\t\t\t\t<div class=\"elementor-column elementor-col-100 elementor-top-column elementor-element elementor-element-82066b1\" data-id=\"82066b1\" data-element_type=\"column\" data-e-type=\"column\">\n\t\t\t<div class=\"elementor-widget-wrap elementor-element-populated\">\n\t\t\t\t\t\t<div class=\"elementor-element elementor-element-196de53 elementor-widget elementor-widget-ms_projects\" data-id=\"196de53\" data-element_type=\"widget\" data-e-type=\"widget\" data-widget_type=\"ms_projects.default\">\n\t\t\t\t<div class=\"elementor-widget-container\">\n\t\t\t\t\t\r\n\t\t<div class=\"portfolio_wrap\" id=\"196de53\">\r\n\r\n\t\t\t\t\t\t\t\t\t\t\t\t\t\t\t\t\t\t<div class=\"subnav\">\r\n\t\t\t\t\t\t\t\t<div class=\"subnav__container\">\r\n\t\t\t\t\t\t\t\t\t<div class=\"filter-nav filter-nav--expanded js-filter-nav\">\r\n\t\t\t\t\t\t\t\t\t<button class=\"reset btn--subtle is-hidden js-filter-nav__control\" aria-label=\"Select a filter option\" aria-controls=\"filter-nav\">\r\n\t\t\t\t\t\t\t\t\t\t<span class=\"js-filter-nav__placeholder\" aria-hidden=\"true\">All<\/span>\r\n\t\t\t\t\t\t\t\t\t\t<svg class=\"icon icon--xxs margin-left-xxs\" aria-hidden=\"true\" viewbox=\"0 0 12 12\"><polyline points=\"0.5 3.5 6 9.5 11.5 3.5\" fill=\"none\" stroke-width=\"1\" stroke=\"currentColor\" stroke-linecap=\"round\" stroke-linejoin=\"round\"><\/polyline><\/svg>\r\n\t\t\t\t\t\t\t\t\t<\/button>\r\n\t\t\t\t\t\t\t\t\t<div class=\"filter-nav__wrapper js-filter-nav__wrapper\" id=\"filter-nav\">\r\n\t\t\t\t\t\t\t\t\t<nav class=\"filter-nav__nav js-filter-nav__nav\">\r\n\t\t\t\t\t\t\t\t\t\t<ul class=\"filtr-btn filter-nav__list js-filter-nav__list\">\r\n\t\t\t\t\t\t\t\t\t\t\t<li class=\"filter-nav__item subnav__link active\" data-filter=\"\">\r\n\t\t\t\t\t\t\t\t\t\t\t\t<button class=\"reset filter-nav__btn js-filter-nav__btn js-tab-focus\" aria-current=\"true\" >V\u0161echny<\/button>\r\n\t\t\t\t\t\t\t\t\t\t\t<\/li>\r\n\t\t\t\t\t\t\t\t\t\t\t\t\t\t\t\t\t\t\t\t\t\t\t\t\t\t\t\t\t\t\t\t\t\t\t\t<li class=\"filter-nav__item subnav__link\" data-filter=\"brand\">\r\n\t\t\t\t\t\t\t\t\t\t\t\t\t\t<button class=\"reset filter-nav__btn js-filter-nav__btn js-tab-focus\" >Brand<\/button>\r\n\t\t\t\t\t\t\t\t\t\t\t\t\t<\/li>\r\n\t\t\t\t\t\t\t\t\t\t\t\t\t\t\t\t\t\t\t\t\t\t\t\t\t\t\t\t\t\t\t\t\t\t\t\t\t\t\t\t\t\t\t\t\t\t\t\t<li class=\"filter-nav__item subnav__link\" data-filter=\"communication\">\r\n\t\t\t\t\t\t\t\t\t\t\t\t\t\t<button class=\"reset filter-nav__btn js-filter-nav__btn js-tab-focus\" >Komunikace<\/button>\r\n\t\t\t\t\t\t\t\t\t\t\t\t\t<\/li>\r\n\t\t\t\t\t\t\t\t\t\t\t\t\t\t\t\t\t\t\t\t\t\t\t\t\t\t\t\t\t\t\t\t\t\t\t\t\t\t\t\t\t\t\t\t\t\t\t\t<li class=\"filter-nav__item subnav__link\" data-filter=\"graphics\">\r\n\t\t\t\t\t\t\t\t\t\t\t\t\t\t<button class=\"reset filter-nav__btn js-filter-nav__btn js-tab-focus\" >Grafika<\/button>\r\n\t\t\t\t\t\t\t\t\t\t\t\t\t<\/li>\r\n\t\t\t\t\t\t\t\t\t\t\t\t\t\t\t\t\t\t\t\t\t\t\t\t\t\t\t\t\t\t\t\t\t\t\t\t\t\t\t\t\t\t\t\t\t\t\t\t<li class=\"filter-nav__item subnav__link\" data-filter=\"media\">\r\n\t\t\t\t\t\t\t\t\t\t\t\t\t\t<button class=\"reset filter-nav__btn js-filter-nav__btn js-tab-focus\" >Media<\/button>\r\n\t\t\t\t\t\t\t\t\t\t\t\t\t<\/li>\r\n\t\t\t\t\t\t\t\t\t\t\t\t\t\t\t\t\t\t\t\t\t\t\t\t\t\t\t\t\t\t\t\t\t\t<li class=\"filter-nav__marker js-filter-nav__marker\" aria-hidden=\"true\"><\/li>\r\n\t\t\t\t\t\t\t\t\t\t<\/ul>\r\n\t\t\t\t\t\t\t\t\t<button class=\"reset filter-nav__close-btn is-hidden js-filter-nav__close-btn js-tab-focus\" aria-label=\"Close navigation\">\r\n\t\t\t\t\t\t\t\t\t\t<svg class=\"icon\" viewbox=\"0 0 14 14\" aria-hidden=\"true\"><g stroke-width=\"1\" stroke=\"currentColor\" fill=\"none\" stroke-linecap=\"round\" stroke-linejoin=\"round\" stroke-miterlimit=\"10\"><line x1=\"13.5\" y1=\"2.5\" x2=\"2.5\" y2=\"13.5\"><\/line><line x1=\"2.5\" y1=\"2.5\" x2=\"13.5\" y2=\"13.5\"><\/line><\/g><\/svg>\r\n\t\t\t\t\t\t\t\t\t<\/button>\r\n\t\t\t\t\t\t\t\t\t<\/nav>\r\n\t\t\t\t\t\t\t\t<\/div>\r\n\t\t\t\t\t\t\t\t\t<\/div>\r\n\t\t\t\t\t\t\t\t<\/div>\r\n\t\t\t\t\t\t\t<\/div>\r\n\t\t\t\t\t\t\t\t\t\t\t\t\t\t\t\r\n\t\t\t\t<div class=\"portfolio-feed ms-p--m grid-content\">\r\n\t\t\t\t\t<span class=\"load_filter\">\r\n\t\t\t\t\t\t<svg class=\"load-filter-icon\" width=\"100%\" height=\"100%\" viewbox=\"0 0 100 100\" preserveaspectratio=\"xMidYMid\">\r\n\t\t\t\t\t\t\t<circle cx=\"50\" cy=\"50\" r=\"30\" stroke-width=\"6\" stroke-linecap=\"round\" fill=\"none\">\r\n\t\t\t\t\t\t\t\t<animatetransform attributename=\"transform\" type=\"rotate\" repeatcount=\"indefinite\" dur=\"1s\" values=\"0 50 50;180 50 50;720 50 50\" keytimes=\"0;0.5;1\"><\/animatetransform>\r\n\t\t\t\t\t\t\t\t<animate attributename=\"stroke-dasharray\" repeatcount=\"indefinite\" dur=\"1s\" values=\"18.84955592153876 169.64600329384882;94.2477796076938 94.24777960769377;18.84955592153876 169.64600329384882\" keytimes=\"0;0.5;1\"><\/animate>\r\n\t\t\t\t\t\t\t<\/circle>\r\n\t\t\t\t\t\t<\/svg>\r\n\t\t\t\t\t<\/span>\r\n\r\n\t\t\t\t\t\t\t\t\t\t\t<div class=\"row ms-masonry-gallery\">\r\n\t\t\t\t\t\r\n\t\t\t\t\t<div class=\"grid-sizer col-md-4\"><\/div>\r\n\t\t\t\t\t\t\t\t\t\t\t\r\n\t\t\t\t\t\t<div class=\"fadein zoom center h-align-middle grid-item-p col-md-4 post-8296 portfolios type-portfolios status-publish has-post-thumbnail hentry portfolios_categories-communication portfolios_categories-media\">\r\n\r\n\t\t\t\t\t\t\t<div class=\"item--inner\">\r\n\r\n\t\t\t\t\t\t\t\t<a href=\"https:\/\/mmproduction.agency\/cs\/can-am-with-martin-macik\/\" aria-label=\"CAN-AM s Martinem Mac\u00edkem\">\r\n\t\t\t\t\t\t\t\t\t\t\t\t\t\t\t\t\t\t\t<figure class=\"ms-p-img\">\r\n\t\t\t\t\t\t\t\t\t\t\t<img decoding=\"async\" src=\"https:\/\/mmproduction.agency\/wp-content\/uploads\/2026\/03\/canam-profile-1120x1120.jpg\" alt=\"CAN-AM s Martinem Mac\u00edkem\">\r\n\t\t\t\t\t\t\t\t\t\t<\/figure>\r\n\t\t\t\t\t\t\t\t\t\r\n\t\t\t\t\t\t\t\t\t<div class=\"ms-p-content\">\r\n\t\t\t\t\t\t\t\t\t\t<h3>CAN-AM s Martinem Mac\u00edkem<\/h3>\r\n\t\t\t\t\t\t\t\t\t\t\t\t\t\t\t\t\t\t\t\t\t<h4 class=\"ms-p-cat\">komunikace, media<\/h4>\r\n\t\t\t\t\t\t\t\t\t\t\t\t\t\t\t\t\t\t\t<\/div>\r\n\t\t\t\t\t\t\t\t<\/a>\r\n\r\n\t\t\t\t\t\t\t<\/div>\r\n\r\n\t\t\t\t\t\t<\/div>\r\n\t\t\t\t\t\t\t\t\t\t\t\r\n\t\t\t\t\t\t<div class=\"fadein zoom center h-align-middle grid-item-p col-md-4 post-8265 portfolios type-portfolios status-publish has-post-thumbnail hentry portfolios_categories-graphics portfolios_categories-media\">\r\n\r\n\t\t\t\t\t\t\t<div class=\"item--inner\">\r\n\r\n\t\t\t\t\t\t\t\t<a href=\"https:\/\/mmproduction.agency\/cs\/posedli-dakarem-26-tv-advertising\/\" aria-label=\"Posedl\u00ed Dakarem 26 TV Reklama\">\r\n\t\t\t\t\t\t\t\t\t\t\t\t\t\t\t\t\t\t\t<figure class=\"ms-p-img\">\r\n\t\t\t\t\t\t\t\t\t\t\t<img decoding=\"async\" src=\"https:\/\/mmproduction.agency\/wp-content\/uploads\/2026\/03\/LR-251212164547-MMPHOTO2-1120x747.jpg\" alt=\"Posedl\u00ed Dakarem 26 TV Reklama\">\r\n\t\t\t\t\t\t\t\t\t\t<\/figure>\r\n\t\t\t\t\t\t\t\t\t\r\n\t\t\t\t\t\t\t\t\t<div class=\"ms-p-content\">\r\n\t\t\t\t\t\t\t\t\t\t<h3>Posedl\u00ed Dakarem 26 TV Reklama<\/h3>\r\n\t\t\t\t\t\t\t\t\t\t\t\t\t\t\t\t\t\t\t\t\t<h4 class=\"ms-p-cat\">grafika, media<\/h4>\r\n\t\t\t\t\t\t\t\t\t\t\t\t\t\t\t\t\t\t\t<\/div>\r\n\t\t\t\t\t\t\t\t<\/a>\r\n\r\n\t\t\t\t\t\t\t<\/div>\r\n\r\n\t\t\t\t\t\t<\/div>\r\n\t\t\t\t\t\t\t\t\t\t\t\r\n\t\t\t\t\t\t<div class=\"fadein zoom center h-align-middle grid-item-p col-md-4 post-8232 portfolios type-portfolios status-publish has-post-thumbnail hentry portfolios_categories-media\">\r\n\r\n\t\t\t\t\t\t\t<div class=\"item--inner\">\r\n\r\n\t\t\t\t\t\t\t\t<a href=\"https:\/\/mmproduction.agency\/cs\/dakar-rally-2026\/\" aria-label=\"Dakar Rally 2026\">\r\n\t\t\t\t\t\t\t\t\t\t\t\t\t\t\t\t\t\t\t<figure class=\"ms-p-img\">\r\n\t\t\t\t\t\t\t\t\t\t\t<img decoding=\"async\" src=\"https:\/\/mmproduction.agency\/wp-content\/uploads\/2026\/03\/DKR26_LR-2-of-139-1120x1400.jpg\" alt=\"Dakar Rally 2026\">\r\n\t\t\t\t\t\t\t\t\t\t<\/figure>\r\n\t\t\t\t\t\t\t\t\t\r\n\t\t\t\t\t\t\t\t\t<div class=\"ms-p-content\">\r\n\t\t\t\t\t\t\t\t\t\t<h3>Dakar Rally 2026<\/h3>\r\n\t\t\t\t\t\t\t\t\t\t\t\t\t\t\t\t\t\t\t\t\t<h4 class=\"ms-p-cat\">media<\/h4>\r\n\t\t\t\t\t\t\t\t\t\t\t\t\t\t\t\t\t\t\t<\/div>\r\n\t\t\t\t\t\t\t\t<\/a>\r\n\r\n\t\t\t\t\t\t\t<\/div>\r\n\r\n\t\t\t\t\t\t<\/div>\r\n\t\t\t\t\t\t\t\t\t\t\t\r\n\t\t\t\t\t\t<div class=\"fadein zoom center h-align-middle grid-item-p col-md-4 post-8208 portfolios type-portfolios status-publish has-post-thumbnail hentry portfolios_categories-graphics\">\r\n\r\n\t\t\t\t\t\t\t<div class=\"item--inner\">\r\n\r\n\t\t\t\t\t\t\t\t<a href=\"https:\/\/mmproduction.agency\/cs\/de-groot-sport-livery-dakar-2026\/\" aria-label=\"De Groot Sport &#8211; Livery Dakar 2026\">\r\n\t\t\t\t\t\t\t\t\t\t\t\t\t\t\t\t\t\t\t<figure class=\"ms-p-img\">\r\n\t\t\t\t\t\t\t\t\t\t\t<img decoding=\"async\" src=\"https:\/\/mmproduction.agency\/wp-content\/uploads\/2026\/03\/LR-260114093320-MMPHOTO1-1120x747.jpg\" alt=\"De Groot Sport &#8211; Livery Dakar 2026\">\r\n\t\t\t\t\t\t\t\t\t\t<\/figure>\r\n\t\t\t\t\t\t\t\t\t\r\n\t\t\t\t\t\t\t\t\t<div class=\"ms-p-content\">\r\n\t\t\t\t\t\t\t\t\t\t<h3>De Groot Sport &#8211; Livery Dakar 2026<\/h3>\r\n\t\t\t\t\t\t\t\t\t\t\t\t\t\t\t\t\t\t\t\t\t<h4 class=\"ms-p-cat\">grafika<\/h4>\r\n\t\t\t\t\t\t\t\t\t\t\t\t\t\t\t\t\t\t\t<\/div>\r\n\t\t\t\t\t\t\t\t<\/a>\r\n\r\n\t\t\t\t\t\t\t<\/div>\r\n\r\n\t\t\t\t\t\t<\/div>\r\n\t\t\t\t\t\t\t\t\t\t\t\r\n\t\t\t\t\t\t<div class=\"fadein zoom center h-align-middle grid-item-p col-md-4 post-4607 portfolios type-portfolios status-publish has-post-thumbnail hentry portfolios_categories-media\">\r\n\r\n\t\t\t\t\t\t\t<div class=\"item--inner\">\r\n\r\n\t\t\t\t\t\t\t\t<a href=\"https:\/\/mmproduction.agency\/cs\/project\/dakar-rally-2025\/\" aria-label=\"Dakar Rally 2025\">\r\n\t\t\t\t\t\t\t\t\t\t\t\t\t\t\t\t\t\t\t<figure class=\"ms-p-img\">\r\n\t\t\t\t\t\t\t\t\t\t\t<img decoding=\"async\" src=\"https:\/\/mmproduction.agency\/wp-content\/uploads\/2025\/07\/DakarMedia2025-1120x746.jpeg\" alt=\"Dakar Rally 2025\">\r\n\t\t\t\t\t\t\t\t\t\t<\/figure>\r\n\t\t\t\t\t\t\t\t\t\r\n\t\t\t\t\t\t\t\t\t<div class=\"ms-p-content\">\r\n\t\t\t\t\t\t\t\t\t\t<h3>Dakar Rally 2025<\/h3>\r\n\t\t\t\t\t\t\t\t\t\t\t\t\t\t\t\t\t\t\t\t\t<h4 class=\"ms-p-cat\">media<\/h4>\r\n\t\t\t\t\t\t\t\t\t\t\t\t\t\t\t\t\t\t\t<\/div>\r\n\t\t\t\t\t\t\t\t<\/a>\r\n\r\n\t\t\t\t\t\t\t<\/div>\r\n\r\n\t\t\t\t\t\t<\/div>\r\n\t\t\t\t\t\t\t\t\t\t\t\r\n\t\t\t\t\t\t<div class=\"fadein zoom center h-align-middle grid-item-p col-md-4 post-6577 portfolios type-portfolios status-publish has-post-thumbnail hentry portfolios_categories-brand portfolios_categories-graphics\">\r\n\r\n\t\t\t\t\t\t\t<div class=\"item--inner\">\r\n\r\n\t\t\t\t\t\t\t\t<a href=\"https:\/\/mmproduction.agency\/cs\/project\/posedli-dakarem-25-visual-identity\/\" aria-label=\"Posedl\u00ed Dakarem 25 Vizu\u00e1ln\u00ed identita\">\r\n\t\t\t\t\t\t\t\t\t\t\t\t\t\t\t\t\t\t\t<figure class=\"ms-p-img\">\r\n\t\t\t\t\t\t\t\t\t\t\t<img decoding=\"async\" src=\"https:\/\/mmproduction.agency\/wp-content\/uploads\/2025\/06\/01_240125_PD_OA25_poster_A2-1120x1584.jpg\" alt=\"Posedl\u00ed Dakarem 25 Vizu\u00e1ln\u00ed identita\">\r\n\t\t\t\t\t\t\t\t\t\t<\/figure>\r\n\t\t\t\t\t\t\t\t\t\r\n\t\t\t\t\t\t\t\t\t<div class=\"ms-p-content\">\r\n\t\t\t\t\t\t\t\t\t\t<h3>Posedl\u00ed Dakarem 25 Vizu\u00e1ln\u00ed identita<\/h3>\r\n\t\t\t\t\t\t\t\t\t\t\t\t\t\t\t\t\t\t\t\t\t<h4 class=\"ms-p-cat\">brand, grafika<\/h4>\r\n\t\t\t\t\t\t\t\t\t\t\t\t\t\t\t\t\t\t\t<\/div>\r\n\t\t\t\t\t\t\t\t<\/a>\r\n\r\n\t\t\t\t\t\t\t<\/div>\r\n\r\n\t\t\t\t\t\t<\/div>\r\n\t\t\t\t\t\t\t\t\t\t\t\r\n\t\t\t\t\t\t<div class=\"fadein zoom center h-align-middle grid-item-p col-md-4 post-4597 portfolios type-portfolios status-publish has-post-thumbnail hentry portfolios_categories-brand portfolios_categories-graphics portfolios_categories-media\">\r\n\r\n\t\t\t\t\t\t\t<div class=\"item--inner\">\r\n\r\n\t\t\t\t\t\t\t\t<a href=\"https:\/\/mmproduction.agency\/cs\/project\/hro-tech-brand-manual\/\" aria-label=\"HRO-TECH Brand Manu\u00e1l\">\r\n\t\t\t\t\t\t\t\t\t\t\t\t\t\t\t\t\t\t\t<figure class=\"ms-p-img\">\r\n\t\t\t\t\t\t\t\t\t\t\t<img decoding=\"async\" src=\"https:\/\/mmproduction.agency\/wp-content\/uploads\/2025\/06\/04_HRO-TECH_mmp_web_mockup_card3-1120x784.jpg\" alt=\"HRO-TECH Brand Manu\u00e1l\">\r\n\t\t\t\t\t\t\t\t\t\t<\/figure>\r\n\t\t\t\t\t\t\t\t\t\r\n\t\t\t\t\t\t\t\t\t<div class=\"ms-p-content\">\r\n\t\t\t\t\t\t\t\t\t\t<h3>HRO-TECH Brand Manu\u00e1l<\/h3>\r\n\t\t\t\t\t\t\t\t\t\t\t\t\t\t\t\t\t\t\t\t\t<h4 class=\"ms-p-cat\">brand, grafika, media<\/h4>\r\n\t\t\t\t\t\t\t\t\t\t\t\t\t\t\t\t\t\t\t<\/div>\r\n\t\t\t\t\t\t\t\t<\/a>\r\n\r\n\t\t\t\t\t\t\t<\/div>\r\n\r\n\t\t\t\t\t\t<\/div>\r\n\t\t\t\t\t\t\t\t\t\t\t\r\n\t\t\t\t\t\t<div class=\"fadein zoom center h-align-middle grid-item-p col-md-4 post-6388 portfolios type-portfolios status-publish has-post-thumbnail hentry portfolios_categories-graphics portfolios_categories-media\">\r\n\r\n\t\t\t\t\t\t\t<div class=\"item--inner\">\r\n\r\n\t\t\t\t\t\t\t\t<a href=\"https:\/\/mmproduction.agency\/cs\/project\/mountfield-exterior-photo-shoot\/\" aria-label=\"Mountfield Exteri\u00e9rov\u00e9 Focen\u00ed\">\r\n\t\t\t\t\t\t\t\t\t\t\t\t\t\t\t\t\t\t\t<figure class=\"ms-p-img\">\r\n\t\t\t\t\t\t\t\t\t\t\t<img decoding=\"async\" src=\"https:\/\/mmproduction.agency\/wp-content\/uploads\/2025\/06\/02_20230602_NZ7_5157-1120x1401.jpg\" alt=\"Mountfield Exteri\u00e9rov\u00e9 Focen\u00ed\">\r\n\t\t\t\t\t\t\t\t\t\t<\/figure>\r\n\t\t\t\t\t\t\t\t\t\r\n\t\t\t\t\t\t\t\t\t<div class=\"ms-p-content\">\r\n\t\t\t\t\t\t\t\t\t\t<h3>Mountfield Exteri\u00e9rov\u00e9 Focen\u00ed<\/h3>\r\n\t\t\t\t\t\t\t\t\t\t\t\t\t\t\t\t\t\t\t\t\t<h4 class=\"ms-p-cat\">grafika, media<\/h4>\r\n\t\t\t\t\t\t\t\t\t\t\t\t\t\t\t\t\t\t\t<\/div>\r\n\t\t\t\t\t\t\t\t<\/a>\r\n\r\n\t\t\t\t\t\t\t<\/div>\r\n\r\n\t\t\t\t\t\t<\/div>\r\n\t\t\t\t\t\t\t\t\t\t\t\r\n\t\t\t\t\t\t<div class=\"fadein zoom center h-align-middle grid-item-p col-md-4 post-4618 portfolios type-portfolios status-publish has-post-thumbnail hentry portfolios_categories-graphics\">\r\n\r\n\t\t\t\t\t\t\t<div class=\"item--inner\">\r\n\r\n\t\t\t\t\t\t\t\t<a href=\"https:\/\/mmproduction.agency\/cs\/project\/valtra-the-chameleon\/\" aria-label=\"VALTRA &#8211; The Chameleon\">\r\n\t\t\t\t\t\t\t\t\t\t\t\t\t\t\t\t\t\t\t<figure class=\"ms-p-img\">\r\n\t\t\t\t\t\t\t\t\t\t\t<img decoding=\"async\" src=\"https:\/\/mmproduction.agency\/wp-content\/uploads\/2025\/06\/08_LR-240807183708-MMPHOTO2.jpg\" alt=\"VALTRA &#8211; The Chameleon\">\r\n\t\t\t\t\t\t\t\t\t\t<\/figure>\r\n\t\t\t\t\t\t\t\t\t\r\n\t\t\t\t\t\t\t\t\t<div class=\"ms-p-content\">\r\n\t\t\t\t\t\t\t\t\t\t<h3>VALTRA &#8211; The Chameleon<\/h3>\r\n\t\t\t\t\t\t\t\t\t\t\t\t\t\t\t\t\t\t\t\t\t<h4 class=\"ms-p-cat\">grafika<\/h4>\r\n\t\t\t\t\t\t\t\t\t\t\t\t\t\t\t\t\t\t\t<\/div>\r\n\t\t\t\t\t\t\t\t<\/a>\r\n\r\n\t\t\t\t\t\t\t<\/div>\r\n\r\n\t\t\t\t\t\t<\/div>\r\n\t\t\t\t\t\r\n\t\t\t\t\t\t\t\t\t\t\t<\/div>\r\n\t\t\t\t\t\r\n\t\t\t\t<\/div>\r\n\r\n\t\t\t\t\t\t\t\t\t\t\t\t\t\t\t<div class=\"btn-wrap ajax-area\" data-max=\"2\"><div class=\"btn btn-load-more btn-circle btn--md\"><div class=\"ms-btn--circle\"><div class=\"circle\"><div class=\"circle-fill\"><\/div><svg viewbox=\"0 0 50 50\" xmlns=\"http:\/\/www.w3.org\/2000\/svg\" class=\"circle-outline\"><circle cx=\"25\" cy=\"25\" r=\"23\"><\/circle><\/svg><div class=\"circle-icon\"><svg enable-background=\"new 0 0 304.891 304.891\" version=\"1.1\" viewbox=\"0 0 304.89 304.89\" xml:space=\"preserve\" xmlns=\"http:\/\/www.w3.org\/2000\/svg\"><g fill=\"#fff\"><path d=\"m16.493 112.38c0.346 1.959 1.455 3.7 3.085 4.841 1.27 0.888 2.772 1.355 4.301 1.355 0.434 0 0.871-0.037 1.304-0.114l88.629-15.647c4.079-0.72 6.802-4.61 6.082-8.689l-3.477-19.695c-0.72-4.079-4.608-6.802-8.69-6.082l-36.931 6.52c5.196-6.139 11.076-11.74 17.625-16.754 19.761-15.127 43.36-23.123 68.246-23.123 35.418 0 68.029 16.063 89.469 44.07 15.179 19.828 23.193 43.471 23.175 68.371-3e-3 4.142 3.353 7.502 7.495 7.505l20 0.015h5e-3c1.987 0 3.894-0.789 5.299-2.193 1.408-1.406 2.199-3.313 2.201-5.302 0.023-32.668-10.483-63.676-30.383-89.672-28.114-36.723-70.862-57.786-117.28-57.786-32.635 0-63.583 10.485-89.497 30.323-9.378 7.179-17.861 15.48-25.247 24.642l-6.585-37.299c-0.72-4.079-4.608-6.803-8.69-6.082l-19.695 3.477c-4.079 0.72-6.802 4.61-6.082 8.689l15.646 88.63z\"\/><path d=\"m288.4 192.51c-0.346-1.958-1.456-3.7-3.085-4.841-1.63-1.14-3.646-1.588-5.604-1.241l-88.629 15.647c-4.079 0.72-6.802 4.61-6.082 8.689l3.477 19.695c0.72 4.079 4.609 6.799 8.689 6.082l36.932-6.52c-5.196 6.14-11.076 11.74-17.625 16.754-19.76 15.127-43.359 23.123-68.245 23.123-35.419 0-68.029-16.063-89.47-44.07-15.179-19.828-23.193-43.471-23.175-68.371 3e-3 -4.142-3.353-7.502-7.495-7.505l-20-0.015h-5e-3c-1.987 0-3.893 0.789-5.299 2.193-1.408 1.406-2.199 3.313-2.201 5.302-0.023 32.668 10.483 63.676 30.383 89.672 28.114 36.724 70.862 57.787 117.28 57.787 32.635 0 63.583-10.486 89.498-30.324 9.378-7.179 17.861-15.48 25.247-24.642l6.585 37.299c0.642 3.638 3.806 6.198 7.377 6.198 0.433 0 0.872-0.038 1.313-0.116l19.695-3.477c4.079-0.72 6.802-4.61 6.082-8.69l-15.647-88.629z\"\/><\/g><\/svg><\/div><\/div><div class=\"ms-btn--label\"><div class=\"ms-btn__text\">V\u00edce<\/div><div class=\"ms-btn__border\"><\/div><\/div><\/div><\/div><\/div>\t\t\t\t\t\t\t\t\t\r\n\t\t\t\t\t\t\r\n\t\t\t\r\n\t\t<\/div>\r\n\r\n\t\t\t\t\t\t<\/div>\n\t\t\t\t<\/div>\n\t\t\t\t\t<\/div>\n\t\t<\/div>\n\t\t\t\t\t<\/div>\n\t\t<\/section>\n\t\t\t\t<section class=\"elementor-section elementor-top-section elementor-element elementor-element-1c19346b elementor-section-boxed elementor-section-height-default elementor-section-height-default\" data-id=\"1c19346b\" data-element_type=\"section\" data-e-type=\"section\" data-settings=\"{&quot;background_background&quot;:&quot;classic&quot;}\">\n\t\t\t\t\t\t<div class=\"elementor-container elementor-column-gap-default\">\n\t\t\t\t\t<div class=\"elementor-column elementor-col-100 elementor-top-column elementor-element elementor-element-2b8faa2f\" data-id=\"2b8faa2f\" data-element_type=\"column\" data-e-type=\"column\">\n\t\t\t<div class=\"elementor-widget-wrap elementor-element-populated\">\n\t\t\t\t\t\t<div class=\"elementor-element elementor-element-6d38c1bc elementor-widget elementor-widget-text-editor\" data-id=\"6d38c1bc\" data-element_type=\"widget\" data-e-type=\"widget\" data-widget_type=\"text-editor.default\">\n\t\t\t\t<div class=\"elementor-widget-container\">\n\t\t\t\t\t\t\t\t\t<div>\n<div style=\"text-align: center;\">P\u0159ipraveni tvo\u0159it s n\u00e1mi?<\/div>\n<div style=\"text-align: center; color: #ef5d39;\"><em><u><a href=\"\/cs\/kontakt\/\">Domluvte si sch\u016fzku<\/a><\/u><\/em><\/div>\n<\/div>\t\t\t\t\t\t\t\t<\/div>\n\t\t\t\t<\/div>\n\t\t\t\t\t<\/div>\n\t\t<\/div>\n\t\t\t\t\t<\/div>\n\t\t<\/section>\n\t\t\t\t<\/div>","protected":false},"excerpt":{"rendered":"<p>Created by MM Production. All All Categories Brand Communication Graphics Media Dakar Rally 2025 media Posedl\u00ed Dakarem 25 Visual Identity brand, graphics HRO-TECH Brand [&hellip;]<\/p>\n","protected":false},"author":1,"featured_media":0,"parent":0,"menu_order":0,"comment_status":"closed","ping_status":"closed","template":"page-custom.php","meta":{"_acf_changed":false,"footnotes":""},"class_list":["post-451","page","type-page","status-publish","hentry"],"acf":{"header_transparent":false},"_links":{"self":[{"href":"https:\/\/mmproduction.agency\/cs\/wp-json\/wp\/v2\/pages\/451","targetHints":{"allow":["GET"]}}],"collection":[{"href":"https:\/\/mmproduction.agency\/cs\/wp-json\/wp\/v2\/pages"}],"about":[{"href":"https:\/\/mmproduction.agency\/cs\/wp-json\/wp\/v2\/types\/page"}],"author":[{"embeddable":true,"href":"https:\/\/mmproduction.agency\/cs\/wp-json\/wp\/v2\/users\/1"}],"replies":[{"embeddable":true,"href":"https:\/\/mmproduction.agency\/cs\/wp-json\/wp\/v2\/comments?post=451"}],"version-history":[{"count":89,"href":"https:\/\/mmproduction.agency\/cs\/wp-json\/wp\/v2\/pages\/451\/revisions"}],"predecessor-version":[{"id":6822,"href":"https:\/\/mmproduction.agency\/cs\/wp-json\/wp\/v2\/pages\/451\/revisions\/6822"}],"wp:attachment":[{"href":"https:\/\/mmproduction.agency\/cs\/wp-json\/wp\/v2\/media?parent=451"}],"curies":[{"name":"wp","href":"https:\/\/api.w.org\/{rel}","templated":true}]}}