{"id":4908,"date":"2025-05-27T09:45:36","date_gmt":"2025-05-27T07:45:36","guid":{"rendered":"https:\/\/klient.mmp.mmproduction.agency\/?page_id=4908"},"modified":"2025-07-15T13:47:18","modified_gmt":"2025-07-15T11:47:18","slug":"ochrana-osobnich-udaju","status":"publish","type":"page","link":"https:\/\/mmproduction.agency\/cs\/privacy-and-terms\/","title":{"rendered":"Privacy &#038; Terms"},"content":{"rendered":"<div data-elementor-type=\"wp-page\" data-elementor-id=\"4908\" class=\"elementor elementor-4908\" data-elementor-post-type=\"page\">\n\t\t\t\t\t\t<section class=\"elementor-section elementor-top-section elementor-element elementor-element-3ced9420 elementor-section-boxed elementor-section-height-default elementor-section-height-default\" data-id=\"3ced9420\" data-element_type=\"section\" data-e-type=\"section\" data-settings=\"{&quot;background_background&quot;:&quot;classic&quot;}\">\n\t\t\t\t\t\t<div class=\"elementor-container elementor-column-gap-default\">\n\t\t\t\t\t<div class=\"elementor-column elementor-col-100 elementor-top-column elementor-element elementor-element-58905980\" data-id=\"58905980\" data-element_type=\"column\" data-e-type=\"column\">\n\t\t\t<div class=\"elementor-widget-wrap elementor-element-populated\">\n\t\t\t\t\t\t<div class=\"elementor-element elementor-element-5c2a17cd elementor-widget elementor-widget-text-editor\" data-id=\"5c2a17cd\" data-element_type=\"widget\" data-e-type=\"widget\" data-widget_type=\"text-editor.default\">\n\t\t\t\t<div class=\"elementor-widget-container\">\n\t\t\t\t\t\t\t\t\t<p>Ochrana osobn\u00edch \u00fadaj\u016f.<\/p>\t\t\t\t\t\t\t\t<\/div>\n\t\t\t\t<\/div>\n\t\t\t\t\t<\/div>\n\t\t<\/div>\n\t\t\t\t\t<\/div>\n\t\t<\/section>\n\t\t\t\t<section class=\"elementor-section elementor-top-section elementor-element elementor-element-396bbef9 elementor-section-boxed elementor-section-height-default elementor-section-height-default\" data-id=\"396bbef9\" data-element_type=\"section\" data-e-type=\"section\">\n\t\t\t\t\t\t<div class=\"elementor-container elementor-column-gap-extended\">\n\t\t\t\t\t<div class=\"elementor-column elementor-col-100 elementor-top-column elementor-element elementor-element-6db094fa\" data-id=\"6db094fa\" data-element_type=\"column\" data-e-type=\"column\">\n\t\t\t<div class=\"elementor-widget-wrap elementor-element-populated\">\n\t\t\t\t\t\t<div class=\"elementor-element elementor-element-3435aea elementor-widget elementor-widget-text-editor\" data-id=\"3435aea\" data-element_type=\"widget\" data-e-type=\"widget\" data-widget_type=\"text-editor.default\">\n\t\t\t\t<div class=\"elementor-widget-container\">\n\t\t\t\t\t\t\t\t\t<p>(dle na\u0159\u00edzen\u00ed Evropsk\u00e9ho parlamentu a Rady (EU) 2016\/679)<\/p>\t\t\t\t\t\t\t\t<\/div>\n\t\t\t\t<\/div>\n\t\t\t\t<div class=\"elementor-element elementor-element-5a21b8a elementor-widget elementor-widget-text-editor\" data-id=\"5a21b8a\" data-element_type=\"widget\" data-e-type=\"widget\" data-widget_type=\"text-editor.default\">\n\t\t\t\t<div class=\"elementor-widget-container\">\n\t\t\t\t\t\t\t\t\t<h3>1. \u00davod a identifikace spr\u00e1vce<\/h3>\t\t\t\t\t\t\t\t<\/div>\n\t\t\t\t<\/div>\n\t\t\t\t<div class=\"elementor-element elementor-element-6de1c0f elementor-widget elementor-widget-text-editor\" data-id=\"6de1c0f\" data-element_type=\"widget\" data-e-type=\"widget\" data-widget_type=\"text-editor.default\">\n\t\t\t\t<div class=\"elementor-widget-container\">\n\t\t\t\t\t\t\t\t\t<p>Tento dokument upravuje zp\u016fsob, rozsah a \u00fa\u010del zpracov\u00e1n\u00ed osobn\u00edch \u00fadaj\u016f, kter\u00e9 prov\u00e1d\u00ed spole\u010dnost MMP Agency s.r.o., se s\u00eddlem Mikulandsk\u00e1 119\/10, 110 00 Praha 1, I\u010c: 19638604, DI\u010c: CZ19638604, zapsan\u00e1 v obchodn\u00edm rejst\u0159\u00edku veden\u00e9m M\u011bstsk\u00fdm soudem v Praze, sp. zn. C 389506 (d\u00e1le jen \u201eSpr\u00e1vce\u201c nebo \u201eSpole\u010dnost\u201c), p\u0159i v\u00fdkonu sv\u00e9 podnikatelsk\u00e9 \u010dinnosti, zejm\u00e9na v oblasti produkce, marketingu, m\u00e9di\u00ed a digit\u00e1ln\u00edch slu\u017eeb, a to v souladu s platn\u00fdmi pr\u00e1vn\u00edmi p\u0159edpisy, v\u010detn\u011b Na\u0159\u00edzen\u00ed Evropsk\u00e9ho parlamentu a Rady (EU) 2016\/679 ze dne 27. dubna 2016 (obecn\u00e9 na\u0159\u00edzen\u00ed o ochran\u011b osobn\u00edch \u00fadaj\u016f \u2013 GDPR).\u00a0<span style=\"color: #000000;\">Spr\u00e1vce nevykon\u00e1v\u00e1 \u010dinnost, kter\u00e1 by vy\u017eadovala povinn\u00e9 jmenov\u00e1n\u00ed pov\u011b\u0159ence pro ochranu osobn\u00edch \u00fadaj\u016f, a tak k datu vyd\u00e1n\u00ed t\u011bchto z\u00e1sad nem\u00e1 jmenovan\u00e9ho DPO. V p\u0159\u00edpad\u011b dotaz\u016f nebo \u017e\u00e1dost\u00ed v souvislosti se zpracov\u00e1n\u00edm osobn\u00edch \u00fadaj\u016f je v\u0161ak mo\u017en\u00e9 se obracet na kontaktn\u00ed adresu: hq@mmproduction.agency<\/span><\/p>\t\t\t\t\t\t\t\t<\/div>\n\t\t\t\t<\/div>\n\t\t\t\t<div class=\"elementor-element elementor-element-79cc7bc elementor-widget elementor-widget-text-editor\" data-id=\"79cc7bc\" data-element_type=\"widget\" data-e-type=\"widget\" data-widget_type=\"text-editor.default\">\n\t\t\t\t<div class=\"elementor-widget-container\">\n\t\t\t\t\t\t\t\t\t<h3>2. Rozsah a \u00fa\u010dely zpracov\u00e1n\u00ed osobn\u00edch \u00fadaj\u016f<\/h3>\t\t\t\t\t\t\t\t<\/div>\n\t\t\t\t<\/div>\n\t\t\t\t<div class=\"elementor-element elementor-element-e4591ab elementor-widget elementor-widget-text-editor\" data-id=\"e4591ab\" data-element_type=\"widget\" data-e-type=\"widget\" data-widget_type=\"text-editor.default\">\n\t\t\t\t<div class=\"elementor-widget-container\">\n\t\t\t\t\t\t\t\t\t<p>V r\u00e1mci sv\u00e9 \u010dinnosti m\u016f\u017ee Spr\u00e1vce zpracov\u00e1vat osobn\u00ed \u00fadaje r\u016fzn\u00fdch kategori\u00ed subjekt\u016f \u00fadaj\u016f, zejm\u00e9na klient\u016f, obchodn\u00edch partner\u016f, n\u00e1v\u0161t\u011bvn\u00edk\u016f webov\u00fdch str\u00e1nek, odb\u011bratel\u016f newsletteru, z\u00e1jemc\u016f o spolupr\u00e1ci nebo osob, kter\u00e9 Spole\u010dnost kontaktuj\u00ed prost\u0159ednictv\u00edm ve\u0159ejn\u011b dostupn\u00fdch formul\u00e1\u0159\u016f \u010di elektronick\u00e9 komunikace.<br \/><br \/><\/p><p><b>Zpracov\u00e1n\u00ed osobn\u00edch \u00fadaj\u016f prob\u00edh\u00e1 zejm\u00e9na za \u00fa\u010delem:<\/b><\/p><ul><li>Technick\u00e9 \u00fadaje (nap\u0159. IP adresa, typ prohl\u00ed\u017ee\u010de, cookies)<\/li><li><span style=\"color: #000000; font-family: 'Plus Jakarta Sans'; font-size: 16px; font-style: normal; font-variant-ligatures: normal; font-variant-caps: normal; font-weight: 400;\">Identifika\u010dn\u00ed a kontaktn\u00ed \u00fadaje (nap\u0159. jm\u00e9no, e-mail, telefon)<\/span><\/li><li><span style=\"color: #000000;\"><span style=\"font-family: 'Plus Jakarta Sans'; font-size: 16px; font-style: normal; font-variant-ligatures: normal; font-variant-caps: normal; font-weight: 400;\">\u00dadaje o pou\u017e\u00edv\u00e1n\u00ed webu (nap\u0159. analytika, chov\u00e1n\u00ed)<\/span><\/span><\/li><li><span style=\"color: #000000;\"><span style=\"font-family: 'Plus Jakarta Sans'; font-size: 16px; font-style: normal; font-variant-ligatures: normal; font-variant-caps: normal; font-weight: 400;\">\u00dadaje z komunikace (nap\u0159. zpr\u00e1vy, dotazy)<\/span><\/span><\/li><li><span style=\"color: #000000;\"><span style=\"font-family: 'Plus Jakarta Sans'; font-size: 16px; font-style: normal; font-variant-ligatures: normal; font-variant-caps: normal; font-weight: 400;\">Jin\u00e9 \u00fadaje dobrovoln\u011b poskytnut\u00e9 subjektem \u00fadaj\u016f<br \/><\/span><\/span><\/li><\/ul><p><b>\u00da\u010dely zpracov\u00e1n\u00ed:<\/b><\/p><ul><li>Pln\u011bn\u00ed smluvn\u00edch a p\u0159edsmluvn\u00edch z\u00e1vazk\u016f<\/li><li><span style=\"color: #000000; font-family: 'Plus Jakarta Sans'; font-size: 16px; font-style: normal; font-variant-ligatures: normal; font-variant-caps: normal; font-weight: 400;\">Spln\u011bn\u00ed z\u00e1konn\u00fdch povinnost\u00ed (nap\u0159. veden\u00ed \u00fa\u010detnictv\u00ed)<\/span><\/li><li><span style=\"color: #000000;\"><span style=\"font-family: 'Plus Jakarta Sans'; font-size: 16px; font-style: normal; font-variant-ligatures: normal; font-variant-caps: normal; font-weight: 400;\">Zas\u00edl\u00e1n\u00ed obchodn\u00edch sd\u011blen\u00ed a marketing (na z\u00e1klad\u011b souhlasu \u010di opr\u00e1vn\u011bn\u00e9ho z\u00e1jmu)<\/span><\/span><\/li><li><span style=\"color: #000000;\"><span style=\"font-family: 'Plus Jakarta Sans'; font-size: 16px; font-style: normal; font-variant-ligatures: normal; font-variant-caps: normal; font-weight: 400;\">Zaji\u0161t\u011bn\u00ed funk\u010dnosti webu a anal\u00fdza n\u00e1v\u0161t\u011bvnosti<\/span><\/span><\/li><li><span style=\"color: #000000;\"><span style=\"font-family: 'Plus Jakarta Sans'; font-size: 16px; font-style: normal; font-variant-ligatures: normal; font-variant-caps: normal; font-weight: 400;\">P\u0159\u00edm\u00e1 komunikace p\u0159es digit\u00e1ln\u00ed platformy a soci\u00e1ln\u00ed s\u00edt\u011b<\/span><\/span><\/li><li><span style=\"color: #000000;\"><span style=\"font-family: 'Plus Jakarta Sans'; font-size: 16px; font-style: normal; font-variant-ligatures: normal; font-variant-caps: normal; font-weight: 400;\">Ochrana opr\u00e1vn\u011bn\u00fdch z\u00e1jm\u016f a pr\u00e1vn\u00edch n\u00e1rok\u016f Spr\u00e1vce<\/span><\/span><\/li><\/ul>\t\t\t\t\t\t\t\t<\/div>\n\t\t\t\t<\/div>\n\t\t\t\t<div class=\"elementor-element elementor-element-35dd4c0 elementor-widget elementor-widget-text-editor\" data-id=\"35dd4c0\" data-element_type=\"widget\" data-e-type=\"widget\" data-widget_type=\"text-editor.default\">\n\t\t\t\t<div class=\"elementor-widget-container\">\n\t\t\t\t\t\t\t\t\t<h3>3. Pr\u00e1vn\u00ed z\u00e1klad zpracov\u00e1n\u00ed<\/h3>\t\t\t\t\t\t\t\t<\/div>\n\t\t\t\t<\/div>\n\t\t\t\t<div class=\"elementor-element elementor-element-888e19b elementor-widget elementor-widget-text-editor\" data-id=\"888e19b\" data-element_type=\"widget\" data-e-type=\"widget\" data-widget_type=\"text-editor.default\">\n\t\t\t\t<div class=\"elementor-widget-container\">\n\t\t\t\t\t\t\t\t\t<p>Zpracov\u00e1n\u00ed osobn\u00edch \u00fadaj\u016f je zalo\u017eeno na jednom nebo v\u00edce pr\u00e1vn\u00edch z\u00e1kladech dle \u010dl. 6 GDPR:<br \/><br \/><\/p><ul><li>Souhlas subjektu \u00fadaj\u016f (nap\u0159. pro zas\u00edl\u00e1n\u00ed newsletteru)<\/li><li><span style=\"color: #000000; font-family: 'Plus Jakarta Sans'; font-size: 16px; font-style: normal; font-variant-ligatures: normal; font-variant-caps: normal; font-weight: 400;\">Pln\u011bn\u00ed smlouvy nebo opat\u0159en\u00ed p\u0159ijat\u00e1 p\u0159ed jej\u00edm uzav\u0159en\u00edm<\/span><\/li><li><span style=\"color: #000000;\"><span style=\"font-family: 'Plus Jakarta Sans'; font-size: 16px; font-style: normal; font-variant-ligatures: normal; font-variant-caps: normal; font-weight: 400;\">Pln\u011bn\u00ed pr\u00e1vn\u00edch povinnost\u00ed (nap\u0159. \u00fa\u010detn\u00ed p\u0159edpisy)<\/span><\/span><\/li><li><span style=\"color: #000000;\"><span style=\"font-family: 'Plus Jakarta Sans'; font-size: 16px; font-style: normal; font-variant-ligatures: normal; font-variant-caps: normal; font-weight: 400;\">Opr\u00e1vn\u011bn\u00e9 z\u00e1jmy Spr\u00e1vce (nap\u0159. p\u0159\u00edm\u00fd marketing, IT bezpe\u010dnost, komunikace s klienty)<br \/><\/span><\/span><\/li><\/ul><div><span style=\"color: #000000;\">\u00a0<\/span><\/div><div><span style=\"color: #000000; font-family: 'Plus Jakarta Sans'; font-size: 16px; font-style: normal; font-variant-ligatures: normal; font-variant-caps: normal; font-weight: 400;\">Pokud je zpracov\u00e1n\u00ed zalo\u017eeno na souhlasu, subjekt \u00fadaj\u016f jej m\u016f\u017ee kdykoli odvolat, ani\u017e by to m\u011blo vliv na z\u00e1konnost p\u0159edchoz\u00edho zpracov\u00e1n\u00ed.<\/span><\/div>\t\t\t\t\t\t\t\t<\/div>\n\t\t\t\t<\/div>\n\t\t\t\t<div class=\"elementor-element elementor-element-e1430eb elementor-widget elementor-widget-text-editor\" data-id=\"e1430eb\" data-element_type=\"widget\" data-e-type=\"widget\" data-widget_type=\"text-editor.default\">\n\t\t\t\t<div class=\"elementor-widget-container\">\n\t\t\t\t\t\t\t\t\t<h3>4. P\u0159\u00edjemci a zpracovatel\u00e9 \u00fadaj\u016f<\/h3>\t\t\t\t\t\t\t\t<\/div>\n\t\t\t\t<\/div>\n\t\t\t\t<div class=\"elementor-element elementor-element-671e5fb elementor-widget elementor-widget-text-editor\" data-id=\"671e5fb\" data-element_type=\"widget\" data-e-type=\"widget\" data-widget_type=\"text-editor.default\">\n\t\t\t\t<div class=\"elementor-widget-container\">\n\t\t\t\t\t\t\t\t\t<p>V r\u00e1mci sv\u00e9 \u010dinnosti m\u016f\u017ee Spr\u00e1vce sd\u00edlet osobn\u00ed \u00fadaje s t\u0159et\u00edmi stranami jako zpracovateli nebo samostatn\u00fdmi spr\u00e1vci:\u00a0<\/p><p>\u00a0<\/p><p><b>Mezi n\u011b pat\u0159\u00ed:<\/b><\/p><ul><li>Poskytovatel\u00e9 cloudov\u00fdch a \u00falo\u017en\u00fdch slu\u017eeb (nap\u0159. Dropbox)<\/li><li>Poskytovatel\u00e9 e-mailov\u00fdch a marketingov\u00fdch n\u00e1stroj\u016f (nap\u0159. Mailchimp)<\/li><li>\u00da\u010detn\u00ed a da\u0148ov\u00ed poradci<\/li><li><span style=\"color: #000000;\"><span style=\"font-family: 'Plus Jakarta Sans'; font-size: 16px; font-style: normal; font-variant-ligatures: normal; font-variant-caps: normal; font-weight: 400;\">Poskytovatel\u00e9 analytick\u00fdch n\u00e1stroj\u016f a spr\u00e1vy webu (nap\u0159. Google Analytics, Klik)<\/span><\/span><\/li><li>IT administr\u00e1to\u0159i a technick\u00e1 podpora<\/li><\/ul><div><span style=\"color: #000000;\">\u00a0<\/span><\/div><div>V\u0161ichni zpracovatel\u00e9 jsou smluvn\u011b zav\u00e1z\u00e1ni k dodr\u017eov\u00e1n\u00ed pravidel ochrany osobn\u00edch \u00fadaj\u016f dle \u010dl. 28 GDPR. Osobn\u00ed \u00fadaje nejsou p\u0159ed\u00e1v\u00e1ny mimo EU bez zaji\u0161t\u011bn\u00ed odpov\u00eddaj\u00edc\u00ed ochrany.<\/div>\t\t\t\t\t\t\t\t<\/div>\n\t\t\t\t<\/div>\n\t\t\t\t<div class=\"elementor-element elementor-element-d386db6 elementor-widget elementor-widget-text-editor\" data-id=\"d386db6\" data-element_type=\"widget\" data-e-type=\"widget\" data-widget_type=\"text-editor.default\">\n\t\t\t\t<div class=\"elementor-widget-container\">\n\t\t\t\t\t\t\t\t\t<h3>5. Doba uchov\u00e1n\u00ed \u00fadaj\u016f<\/h3>\t\t\t\t\t\t\t\t<\/div>\n\t\t\t\t<\/div>\n\t\t\t\t<div class=\"elementor-element elementor-element-e852c87 elementor-widget elementor-widget-text-editor\" data-id=\"e852c87\" data-element_type=\"widget\" data-e-type=\"widget\" data-widget_type=\"text-editor.default\">\n\t\t\t\t<div class=\"elementor-widget-container\">\n\t\t\t\t\t\t\t\t\t<p>Osobn\u00ed \u00fadaje jsou uchov\u00e1v\u00e1ny pouze po dobu nezbytnou k napln\u011bn\u00ed \u00fa\u010delu, pro kter\u00fd byly shrom\u00e1\u017ed\u011bny, nebo pro spln\u011bn\u00ed z\u00e1konn\u00fdch povinnost\u00ed.<br \/><br \/><\/p><p><b>Obecn\u011b plat\u00ed:<\/b><\/p><ul><li>\u00dadaje zpracov\u00e1van\u00e9 na z\u00e1klad\u011b souhlasu jsou uchov\u00e1v\u00e1ny do odvol\u00e1n\u00ed souhlasu<\/li><li>\u00da\u010detn\u00ed a da\u0148ov\u00e9 z\u00e1znamy jsou uchov\u00e1v\u00e1ny po dobu 10 let<\/li><li>Analytick\u00e1 data obvykle max. 24 m\u011bs\u00edc\u016f<\/li><li>Komunika\u010dn\u00ed z\u00e1znamy a\u017e 3 roky po ukon\u010den\u00ed vztahu<\/li><\/ul>\t\t\t\t\t\t\t\t<\/div>\n\t\t\t\t<\/div>\n\t\t\t\t<div class=\"elementor-element elementor-element-f124964 elementor-widget elementor-widget-text-editor\" data-id=\"f124964\" data-element_type=\"widget\" data-e-type=\"widget\" data-widget_type=\"text-editor.default\">\n\t\t\t\t<div class=\"elementor-widget-container\">\n\t\t\t\t\t\t\t\t\t<h3>6. Pr\u00e1va subjekt\u016f \u00fadaj\u016f<\/h3>\t\t\t\t\t\t\t\t<\/div>\n\t\t\t\t<\/div>\n\t\t\t\t<div class=\"elementor-element elementor-element-972b4ce elementor-widget elementor-widget-text-editor\" data-id=\"972b4ce\" data-element_type=\"widget\" data-e-type=\"widget\" data-widget_type=\"text-editor.default\">\n\t\t\t\t<div class=\"elementor-widget-container\">\n\t\t\t\t\t\t\t\t\t<p>Ka\u017ed\u00e1 fyzick\u00e1 osoba, jej\u00ed\u017e osobn\u00ed \u00fadaje spr\u00e1vce zpracov\u00e1v\u00e1 (d\u00e1le jen \u201esubjekt \u00fadaj\u016f\u201c), m\u00e1 pr\u00e1vo na ochranu sv\u00fdch osobn\u00edch \u00fadaj\u016f v souladu s platn\u00fdmi pr\u00e1vn\u00edmi p\u0159edpisy. Tato pr\u00e1va jsou stanovena zejm\u00e9na v \u010dl\u00e1nc\u00edch 12 a\u017e 22 na\u0159\u00edzen\u00ed (EU) 2016\/679 (\u201eGDPR\u201c) a zahrnuj\u00ed mimo jin\u00e9:<br \/><br \/>Subjekt \u00fadaj\u016f m\u00e1 pr\u00e1vo po\u017e\u00e1dat o p\u0159\u00edstup ke sv\u00fdm osobn\u00edm \u00fadaj\u016fm, po\u017e\u00e1dat o opravu nebo v\u00fdmaz t\u011bchto \u00fadaj\u016f, jako\u017e i pr\u00e1vo omezit zpracov\u00e1n\u00ed. Subjekt \u00fadaj\u016f m\u00e1 d\u00e1le pr\u00e1vo vzn\u00e9st n\u00e1mitku proti zpracov\u00e1n\u00ed a v p\u0159\u00edpad\u011b zpracov\u00e1n\u00ed na z\u00e1klad\u011b souhlasu m\u00e1 pr\u00e1vo tento souhlas kdykoli odvolat, ani\u017e by t\u00edm byla dot\u010dena z\u00e1konnost zpracov\u00e1n\u00ed na z\u00e1klad\u011b souhlasu p\u0159ed jeho odvol\u00e1n\u00edm.<br \/><br \/>Za ur\u010dit\u00fdch okolnost\u00ed m\u016f\u017ee m\u00edt subjekt \u00fadaj\u016f tak\u00e9 pr\u00e1vo na p\u0159enositelnost \u00fadaj\u016f, tj. obdr\u017eet sv\u00e9 osobn\u00ed \u00fadaje ve strukturovan\u00e9m, b\u011b\u017en\u011b pou\u017e\u00edvan\u00e9m a strojov\u011b \u010diteln\u00e9m form\u00e1tu a p\u0159edat tyto \u00fadaje jin\u00e9mu spr\u00e1vci.<br \/><br \/>\u017d\u00e1dosti t\u00fdkaj\u00edc\u00ed se t\u011bchto pr\u00e1v lze podat spr\u00e1vci prost\u0159ednictv\u00edm kontaktn\u00edch \u00fadaj\u016f uveden\u00fdch v \u010d\u00e1sti 1 t\u011bchto Z\u00e1sad. Spr\u00e1vce na v\u0161echny takov\u00e9 \u017e\u00e1dosti odpov\u00ed bez zbyte\u010dn\u00e9ho odkladu, nejpozd\u011bji v\u0161ak do jednoho m\u011bs\u00edce od jejich obdr\u017een\u00ed. Ve slo\u017eit\u00fdch p\u0159\u00edpadech nebo pokud spr\u00e1vce obdr\u017e\u00ed velk\u00fd po\u010det \u017e\u00e1dost\u00ed, m\u016f\u017ee b\u00fdt tato lh\u016fta prodlou\u017eena o dal\u0161\u00ed dva m\u011bs\u00edce, a to s p\u0159edchoz\u00edm ozn\u00e1men\u00edm subjektu \u00fadaj\u016f.<br \/><br \/>Pokud se subjekt \u00fadaj\u016f domn\u00edv\u00e1, \u017ee jeho \u00fadaje jsou zpracov\u00e1v\u00e1ny protipr\u00e1vn\u011b nebo v rozporu s platn\u00fdmi p\u0159edpisy, m\u00e1 pr\u00e1vo podat st\u00ed\u017enost u p\u0159\u00edslu\u0161n\u00e9ho dozorov\u00e9ho org\u00e1nu \u2013 \u00da\u0159adu pro ochranu osobn\u00edch \u00fadaj\u016f \u010cesk\u00e9 republiky (adresa: Pplk. Sochora 27, 170 00 Praha 7, webov\u00e9 str\u00e1nky: www.uoou.cz).<\/p>\t\t\t\t\t\t\t\t<\/div>\n\t\t\t\t<\/div>\n\t\t\t\t<div class=\"elementor-element elementor-element-8d3d4cb elementor-widget elementor-widget-text-editor\" data-id=\"8d3d4cb\" data-element_type=\"widget\" data-e-type=\"widget\" data-widget_type=\"text-editor.default\">\n\t\t\t\t<div class=\"elementor-widget-container\">\n\t\t\t\t\t\t\t\t\t<h3>7. Opat\u0159en\u00ed pro zabezpe\u010den\u00ed dat<\/h3>\t\t\t\t\t\t\t\t<\/div>\n\t\t\t\t<\/div>\n\t\t\t\t<div class=\"elementor-element elementor-element-8372f6b elementor-widget elementor-widget-text-editor\" data-id=\"8372f6b\" data-element_type=\"widget\" data-e-type=\"widget\" data-widget_type=\"text-editor.default\">\n\t\t\t\t<div class=\"elementor-widget-container\">\n\t\t\t\t\t\t\t\t\t<p>Spr\u00e1vce prohla\u0161uje, \u017ee zavedl ve\u0161ker\u00e1 vhodn\u00e1 technick\u00e1 a organiza\u010dn\u00ed opat\u0159en\u00ed k zaji\u0161t\u011bn\u00ed \u00farovn\u011b zabezpe\u010den\u00ed odpov\u00eddaj\u00edc\u00ed rizik\u016fm spojen\u00fdm se zpracov\u00e1n\u00edm osobn\u00edch \u00fadaj\u016f, s p\u0159ihl\u00e9dnut\u00edm k povaze, rozsahu, kontextu a \u00fa\u010del\u016fm zpracov\u00e1n\u00ed.<br \/><br \/>Tato opat\u0159en\u00ed zahrnuj\u00ed zejm\u00e9na spr\u00e1vu p\u0159\u00edstupu, protokoly bezpe\u010dn\u00e9ho p\u0159enosu dat, pravideln\u00e9 aktualizace syst\u00e9mu a softwaru, \u0161ifrov\u00e1n\u00ed, procesy z\u00e1lohov\u00e1n\u00ed a intern\u00ed sm\u011brnice pro nakl\u00e1d\u00e1n\u00ed s osobn\u00edmi \u00fadaji. P\u0159\u00edstup k osobn\u00edm \u00fadaj\u016fm je ud\u011blen pouze opr\u00e1vn\u011bn\u00fdm pracovn\u00edk\u016fm, kte\u0159\u00ed byli \u0159\u00e1dn\u011b pro\u0161koleni a jsou v\u00e1z\u00e1ni povinnost\u00ed ml\u010denlivosti.<br \/><br \/>\u00da\u010dinnost t\u011bchto opat\u0159en\u00ed je pravideln\u011b kontrolov\u00e1na a upravov\u00e1na tak, aby odr\u00e1\u017eela nejnov\u011bj\u0161\u00ed technologick\u00fd pokrok a potenci\u00e1ln\u00ed rizika. Ve\u0161ker\u00e9 zpracov\u00e1n\u00ed dat prob\u00edh\u00e1 v souladu se z\u00e1sadami minimalizace dat, d\u016fv\u011brnosti, integrity a dostupnosti.<br \/><br \/>V p\u0159\u00edpad\u011b poru\u0161en\u00ed zabezpe\u010den\u00ed osobn\u00edch \u00fadaj\u016f, kter\u00e9 pravd\u011bpodobn\u011b povede k vysok\u00e9mu riziku pro pr\u00e1va a svobody fyzick\u00fdch osob, Spr\u00e1vce bez zbyte\u010dn\u00e9ho odkladu informuje dot\u010den\u00e9 subjekty \u00fadaj\u016f v souladu s \u010dl\u00e1nkem 34 GDPR.<\/p>\t\t\t\t\t\t\t\t<\/div>\n\t\t\t\t<\/div>\n\t\t\t\t<div class=\"elementor-element elementor-element-73d602d elementor-widget elementor-widget-text-editor\" data-id=\"73d602d\" data-element_type=\"widget\" data-e-type=\"widget\" data-widget_type=\"text-editor.default\">\n\t\t\t\t<div class=\"elementor-widget-container\">\n\t\t\t\t\t\t\t\t\t<h3>8. Z\u00e1v\u011bre\u010dn\u00e1 ustanoven\u00ed<\/h3>\t\t\t\t\t\t\t\t<\/div>\n\t\t\t\t<\/div>\n\t\t\t\t<div class=\"elementor-element elementor-element-8da1470 elementor-widget elementor-widget-text-editor\" data-id=\"8da1470\" data-element_type=\"widget\" data-e-type=\"widget\" data-widget_type=\"text-editor.default\">\n\t\t\t\t<div class=\"elementor-widget-container\">\n\t\t\t\t\t\t\t\t\t<p>Tyto Z\u00e1sady ochrany osobn\u00edch \u00fadaj\u016f mohou b\u00fdt Spr\u00e1vcem aktualizov\u00e1ny v p\u0159\u00edpad\u011b pr\u00e1vn\u00edch, organiza\u010dn\u00edch nebo technick\u00fdch zm\u011bn souvisej\u00edc\u00edch se zpracov\u00e1n\u00edm \u00fadaj\u016f. Aktu\u00e1ln\u00ed verze je v\u017edy k dispozici na www.mmproduction.agency.<br \/><br \/>Tento dokument je \u00fa\u010dinn\u00fd od: 1.5.2025<\/p>\t\t\t\t\t\t\t\t<\/div>\n\t\t\t\t<\/div>\n\t\t\t\t\t<\/div>\n\t\t<\/div>\n\t\t\t\t\t<\/div>\n\t\t<\/section>\n\t\t\t\t<section class=\"elementor-section elementor-top-section elementor-element elementor-element-b07876c elementor-section-boxed elementor-section-height-default elementor-section-height-default\" data-id=\"b07876c\" data-element_type=\"section\" data-e-type=\"section\" data-settings=\"{&quot;background_background&quot;:&quot;classic&quot;}\">\n\t\t\t\t\t\t<div class=\"elementor-container elementor-column-gap-default\">\n\t\t\t\t\t<div class=\"elementor-column elementor-col-100 elementor-top-column elementor-element elementor-element-729f765\" data-id=\"729f765\" data-element_type=\"column\" data-e-type=\"column\">\n\t\t\t<div class=\"elementor-widget-wrap elementor-element-populated\">\n\t\t\t\t\t\t<div class=\"elementor-element elementor-element-c012f00 elementor-widget elementor-widget-text-editor\" data-id=\"c012f00\" data-element_type=\"widget\" data-e-type=\"widget\" data-widget_type=\"text-editor.default\">\n\t\t\t\t<div class=\"elementor-widget-container\">\n\t\t\t\t\t\t\t\t\t<div>\n<div style=\"text-align: center;\">P\u0159ipraveni tvo\u0159it s n\u00e1mi?<\/div>\n<div style=\"text-align: center; color: #ef5d39;\"><em><u><a href=\"\/cs\/kontakt\/\">Domluvte si sch\u016fzku<\/a><\/u><\/em><\/div>\n<\/div>\t\t\t\t\t\t\t\t<\/div>\n\t\t\t\t<\/div>\n\t\t\t\t\t<\/div>\n\t\t<\/div>\n\t\t\t\t\t<\/div>\n\t\t<\/section>\n\t\t\t\t<\/div>","protected":false},"excerpt":{"rendered":"<p>Privacy &amp; Terms. (pursuant to Regulation (EU) 2016\/679 of the European Parliament and of the Council) 1. Introduction and Data Controller Identification This document [&hellip;]<\/p>\n","protected":false},"author":1,"featured_media":0,"parent":0,"menu_order":0,"comment_status":"closed","ping_status":"closed","template":"page-custom.php","meta":{"_acf_changed":false,"footnotes":""},"class_list":["post-4908","page","type-page","status-publish","hentry"],"acf":{"header_transparent":false},"_links":{"self":[{"href":"https:\/\/mmproduction.agency\/cs\/wp-json\/wp\/v2\/pages\/4908","targetHints":{"allow":["GET"]}}],"collection":[{"href":"https:\/\/mmproduction.agency\/cs\/wp-json\/wp\/v2\/pages"}],"about":[{"href":"https:\/\/mmproduction.agency\/cs\/wp-json\/wp\/v2\/types\/page"}],"author":[{"embeddable":true,"href":"https:\/\/mmproduction.agency\/cs\/wp-json\/wp\/v2\/users\/1"}],"replies":[{"embeddable":true,"href":"https:\/\/mmproduction.agency\/cs\/wp-json\/wp\/v2\/comments?post=4908"}],"version-history":[{"count":48,"href":"https:\/\/mmproduction.agency\/cs\/wp-json\/wp\/v2\/pages\/4908\/revisions"}],"predecessor-version":[{"id":6867,"href":"https:\/\/mmproduction.agency\/cs\/wp-json\/wp\/v2\/pages\/4908\/revisions\/6867"}],"wp:attachment":[{"href":"https:\/\/mmproduction.agency\/cs\/wp-json\/wp\/v2\/media?parent=4908"}],"curies":[{"name":"wp","href":"https:\/\/api.w.org\/{rel}","templated":true}]}}