{"id":6304,"date":"2025-06-20T10:11:00","date_gmt":"2025-06-20T08:11:00","guid":{"rendered":"https:\/\/mmproduction.agency\/?page_id=6304"},"modified":"2025-06-20T11:05:33","modified_gmt":"2025-06-20T09:05:33","slug":"social-media-manager","status":"publish","type":"page","link":"https:\/\/mmproduction.agency\/cs\/social-media-manager\/","title":{"rendered":"Social media manager"},"content":{"rendered":"<div data-elementor-type=\"wp-page\" data-elementor-id=\"6304\" class=\"elementor elementor-6304\" data-elementor-post-type=\"page\">\n\t\t\t\t\t\t<section class=\"elementor-section elementor-top-section elementor-element elementor-element-7378584 elementor-section-boxed elementor-section-height-default elementor-section-height-default\" data-id=\"7378584\" data-element_type=\"section\" data-e-type=\"section\" data-settings=\"{&quot;background_background&quot;:&quot;classic&quot;}\">\n\t\t\t\t\t\t<div class=\"elementor-container elementor-column-gap-default\">\n\t\t\t\t\t<div class=\"elementor-column elementor-col-100 elementor-top-column elementor-element elementor-element-1668434\" data-id=\"1668434\" data-element_type=\"column\" data-e-type=\"column\">\n\t\t\t<div class=\"elementor-widget-wrap elementor-element-populated\">\n\t\t\t\t\t\t<div class=\"elementor-element elementor-element-4ce418d elementor-widget elementor-widget-text-editor\" data-id=\"4ce418d\" data-element_type=\"widget\" data-e-type=\"widget\" data-widget_type=\"text-editor.default\">\n\t\t\t\t<div class=\"elementor-widget-container\">\n\t\t\t\t\t\t\t\t\t<p>Hled\u00e1me Social Media Managera!<\/p>\t\t\t\t\t\t\t\t<\/div>\n\t\t\t\t<\/div>\n\t\t\t\t\t<\/div>\n\t\t<\/div>\n\t\t\t\t\t<\/div>\n\t\t<\/section>\n\t\t<div class=\"elementor-element elementor-element-fa91f71 e-flex e-con-boxed e-con e-parent\" data-id=\"fa91f71\" data-element_type=\"container\" data-e-type=\"container\">\n\t\t\t\t\t<div class=\"e-con-inner\">\n\t\t\t\t<div class=\"elementor-element elementor-element-fba944d elementor-widget elementor-widget-text-editor\" data-id=\"fba944d\" data-element_type=\"widget\" data-e-type=\"widget\" data-widget_type=\"text-editor.default\">\n\t\t\t\t<div class=\"elementor-widget-container\">\n\t\t\t\t\t\t\t\t\t<p>Hled\u00e1me \u010dlov\u011bka ze Sedl\u010dan nebo Prahy, kter\u00fd vezme do ruky \u0159\u00edzen\u00ed soci\u00e1ln\u00edch s\u00edt\u00ed n\u011bkter\u00fdch z na\u0161ich zna\u010dek jako jsou MM Production, Martin Mac\u00edk, MM Technology, Pilot Cafe, Posedl\u00ed Dakarem a dal\u0161\u00ed, co rostou s n\u00e1mi.<\/p><p><br><\/p>\n<div class=\"fusion-text fusion-text-3\">\n<p><strong>Co bude\u0161 d\u011blat<\/strong><\/p>\n<p><strong>&nbsp;<\/strong><\/p>\n<ul>\n<li>Spravovat a rozv\u00edjet soci\u00e1ln\u00ed s\u00edt\u011b intern\u00edch zna\u010dek (IG, FB, LinkedIn, YouTube)<\/li>\n<li>Pl\u00e1novat a p\u0159ipravovat obsah ve spolupr\u00e1ci s produkc\u00ed a grafikou<\/li>\n<li>Komunikovat s komunitou \u2013 p\u0159irozen\u011b, v\u010das a s citem<\/li>\n<li>Pod\u00edlet se na tvorb\u011b obsahu (copy, form\u00e1t, n\u00e1pad \u2013 je v\u00fdhodou, ne nutnost\u00ed)<\/li>\n<li>Zaji\u0161\u0165ovat reporting a p\u0159em\u00fd\u0161let, co funguje a co posunout d\u00e1l<\/li>\n<li>Komunikace s partnery, dodavateli a z\u00e1kazn\u00edky<\/li>\n<li>Pom\u00e1hat tvo\u0159it styl na\u0161\u00ed komunikace \u2013 b\u00fdt u toho, jak zna\u010dka roste a jak mluv\u00ed<\/li>\n<\/ul>\n<div>&nbsp;<\/div>\n<\/div>\n<div class=\"fusion-text fusion-text-4\">\n<p><strong>Co od tebe \u010dek\u00e1me<\/strong><\/p>\n<p><strong>&nbsp;<\/strong><\/p>\n<ul>\n<li>Zku\u0161enost s veden\u00edm soci\u00e1ln\u00edch s\u00edt\u00ed (ide\u00e1ln\u011b brandov\u011b, ne jen osobn\u00ed profil)<\/li>\n<li>Cit pro tone of voice a vizu\u00e1ln\u00ed kontinuitu<\/li>\n<li>V\u00fdbornou \u010de\u0161tinu a p\u0159irozenou angli\u010dtinu<\/li>\n<li>Samostatnost v pl\u00e1nov\u00e1n\u00ed, ale t\u00fdmovost p\u0159i exekuci<\/li>\n<li>P\u0159ehled o aktu\u00e1ln\u00edch trendech v digit\u00e1lu a ochotu zkou\u0161et nov\u00e9 v\u011bci<\/li>\n<li>Z\u00e1jem o sv\u011bt motorsportu, m\u00e9di\u00ed, technologi\u00ed nebo kultury<\/li>\n<\/ul>\n<div>&nbsp;<\/div>\n<div>&nbsp;<strong>Co za to nab\u00edz\u00edme<\/strong><\/div>\n<\/div>\n<div class=\"fusion-text fusion-text-5\">\n<p><strong>&nbsp;<\/strong><\/p>\n<ul>\n<li>Odm\u011bnu 50 000 K\u010d (forma spolupr\u00e1ce podle domluvy)<\/li>\n<li>Mo\u017enost definovat si roli, kter\u00e1 roste s firmou<\/li>\n<li>P\u0159\u00edstup ke zna\u010dk\u00e1m, kter\u00e9 maj\u00ed energii, komunitu a drive<\/li>\n<li>Rychl\u00fd a funk\u010dn\u00ed t\u00fdm, kde se v\u011bci d\u011bj\u00ed \u2013 bez zbyte\u010dn\u00e9ho \u010dek\u00e1n\u00ed<\/li>\n<li>Kreativn\u00ed prost\u0159ed\u00ed mezi z\u00e1vody, videem, designem a technologiemi<\/li>\n<\/ul>\n<\/div>\t\t\t\t\t\t\t\t<\/div>\n\t\t\t\t<\/div>\n\t\t\t\t\t<\/div>\n\t\t\t\t<\/div>\n\t\t\t\t<section class=\"elementor-section elementor-top-section elementor-element elementor-element-b07876c elementor-section-boxed elementor-section-height-default elementor-section-height-default\" data-id=\"b07876c\" data-element_type=\"section\" data-e-type=\"section\" data-settings=\"{&quot;background_background&quot;:&quot;classic&quot;}\">\n\t\t\t\t\t\t<div class=\"elementor-container elementor-column-gap-default\">\n\t\t\t\t\t<div class=\"elementor-column elementor-col-100 elementor-top-column elementor-element elementor-element-729f765\" data-id=\"729f765\" data-element_type=\"column\" data-e-type=\"column\">\n\t\t\t<div class=\"elementor-widget-wrap elementor-element-populated\">\n\t\t\t\t\t\t<div class=\"elementor-element elementor-element-c012f00 elementor-widget elementor-widget-text-editor\" data-id=\"c012f00\" data-element_type=\"widget\" data-e-type=\"widget\" data-widget_type=\"text-editor.default\">\n\t\t\t\t<div class=\"elementor-widget-container\">\n\t\t\t\t\t\t\t\t\t<div>Jsi p\u0159ipraven\/a?<\/div>\t\t\t\t\t\t\t\t<\/div>\n\t\t\t\t<\/div>\n\t\t\t\t\t<\/div>\n\t\t<\/div>\n\t\t\t\t\t<\/div>\n\t\t<\/section>\n\t\t\t\t<section class=\"elementor-section elementor-top-section elementor-element elementor-element-d3ccec elementor-section-boxed elementor-section-height-default elementor-section-height-default\" data-id=\"d3ccec\" data-element_type=\"section\" data-e-type=\"section\">\n\t\t\t\t\t\t<div class=\"elementor-container elementor-column-gap-no\">\n\t\t\t\t\t<div class=\"elementor-column elementor-col-100 elementor-top-column elementor-element elementor-element-5b33c64b\" data-id=\"5b33c64b\" data-element_type=\"column\" data-e-type=\"column\">\n\t\t\t<div class=\"elementor-widget-wrap elementor-element-populated\">\n\t\t\t\t\t\t<section class=\"elementor-section elementor-inner-section elementor-element elementor-element-1e9a822d elementor-section-full_width elementor-section-height-default elementor-section-height-default\" data-id=\"1e9a822d\" data-element_type=\"section\" data-e-type=\"section\">\n\t\t\t\t\t\t<div class=\"elementor-container elementor-column-gap-extended\">\n\t\t\t\t\t<div class=\"elementor-column elementor-col-50 elementor-inner-column elementor-element elementor-element-5e7b9b17\" data-id=\"5e7b9b17\" data-element_type=\"column\" data-e-type=\"column\">\n\t\t\t<div class=\"elementor-widget-wrap elementor-element-populated\">\n\t\t\t\t\t\t<div class=\"elementor-element elementor-element-2c877c3a elementor-widget elementor-widget-text-editor\" data-id=\"2c877c3a\" data-element_type=\"widget\" data-e-type=\"widget\" data-widget_type=\"text-editor.default\">\n\t\t\t\t<div class=\"elementor-widget-container\">\n\t\t\t\t\t\t\t\t\t<p>M\u00e1\u0161 cit pro vizu\u00e1lno, ch\u00e1pe\u0161 digit\u00e1ln\u00ed trendy a um\u00ed\u0161 prom\u011bnit kreativn\u00ed n\u00e1pady v siln\u00e9 kampan\u011b na soci\u00e1ln\u00edch s\u00edt\u00edch? Mo\u017en\u00e1 hled\u00e1me pr\u00e1v\u011b tebe. Vypl\u0148 kr\u00e1tk\u00fd formul\u00e1\u0159 a dej n\u00e1m v\u011bd\u011bt, co bychom mohli spole\u010dn\u011b vytvo\u0159it.<\/p>\t\t\t\t\t\t\t\t<\/div>\n\t\t\t\t<\/div>\n\t\t\t\t<section class=\"elementor-section elementor-inner-section elementor-element elementor-element-488cec1c elementor-section-full_width elementor-section-height-default elementor-section-height-default\" data-id=\"488cec1c\" data-element_type=\"section\" data-e-type=\"section\">\n\t\t\t\t\t\t<div class=\"elementor-container elementor-column-gap-no\">\n\t\t\t\t\t<div class=\"elementor-column elementor-col-100 elementor-inner-column elementor-element elementor-element-35d484bb\" data-id=\"35d484bb\" data-element_type=\"column\" data-e-type=\"column\">\n\t\t\t<div class=\"elementor-widget-wrap elementor-element-populated\">\n\t\t\t\t\t\t<div class=\"elementor-element elementor-element-2a1575d7 elementor-widget elementor-widget-heading\" data-id=\"2a1575d7\" data-element_type=\"widget\" data-e-type=\"widget\" data-widget_type=\"heading.default\">\n\t\t\t\t<div class=\"elementor-widget-container\">\n\t\t\t\t\t<h4 class=\"elementor-heading-title elementor-size-default\">Email:<\/h4>\t\t\t\t<\/div>\n\t\t\t\t<\/div>\n\t\t\t\t<div class=\"elementor-element elementor-element-4b7b4cf elementor-widget elementor-widget-text-editor\" data-id=\"4b7b4cf\" data-element_type=\"widget\" data-e-type=\"widget\" data-widget_type=\"text-editor.default\">\n\t\t\t\t<div class=\"elementor-widget-container\">\n\t\t\t\t\t\t\t\t\t<a href=\"mailto:jobs@mmproduction.agency\">jobs@mmproduction.agency<\/a>\t\t\t\t\t\t\t\t<\/div>\n\t\t\t\t<\/div>\n\t\t\t\t\t<\/div>\n\t\t<\/div>\n\t\t\t\t\t<\/div>\n\t\t<\/section>\n\t\t\t\t<section class=\"elementor-section elementor-inner-section elementor-element elementor-element-6047c95 elementor-section-full_width elementor-section-height-default elementor-section-height-default\" data-id=\"6047c95\" data-element_type=\"section\" data-e-type=\"section\">\n\t\t\t\t\t\t<div class=\"elementor-container elementor-column-gap-no\">\n\t\t\t\t\t<div class=\"elementor-column elementor-col-100 elementor-inner-column elementor-element elementor-element-33ca3a86\" data-id=\"33ca3a86\" data-element_type=\"column\" data-e-type=\"column\">\n\t\t\t<div class=\"elementor-widget-wrap elementor-element-populated\">\n\t\t\t\t\t\t<div class=\"elementor-element elementor-element-5939ac7e elementor-widget elementor-widget-heading\" data-id=\"5939ac7e\" data-element_type=\"widget\" data-e-type=\"widget\" data-widget_type=\"heading.default\">\n\t\t\t\t<div class=\"elementor-widget-container\">\n\t\t\t\t\t<h4 class=\"elementor-heading-title elementor-size-default\">Telefon:<\/h4>\t\t\t\t<\/div>\n\t\t\t\t<\/div>\n\t\t\t\t<div class=\"elementor-element elementor-element-45ad87ae elementor-widget elementor-widget-text-editor\" data-id=\"45ad87ae\" data-element_type=\"widget\" data-e-type=\"widget\" data-widget_type=\"text-editor.default\">\n\t\t\t\t<div class=\"elementor-widget-container\">\n\t\t\t\t\t\t\t\t\t<a href=\"tel:+420 799 025 566\">+420 799 025 566<\/a>\t\t\t\t\t\t\t\t<\/div>\n\t\t\t\t<\/div>\n\t\t\t\t\t<\/div>\n\t\t<\/div>\n\t\t\t\t\t<\/div>\n\t\t<\/section>\n\t\t\t\t\t<\/div>\n\t\t<\/div>\n\t\t\t\t<div class=\"elementor-column elementor-col-50 elementor-inner-column elementor-element elementor-element-4112c9c2\" data-id=\"4112c9c2\" data-element_type=\"column\" data-e-type=\"column\">\n\t\t\t<div class=\"elementor-widget-wrap elementor-element-populated\">\n\t\t\t\t\t\t<div class=\"elementor-element elementor-element-5ce368b4 elementor-widget elementor-widget-shortcode\" data-id=\"5ce368b4\" data-element_type=\"widget\" data-e-type=\"widget\" data-widget_type=\"shortcode.default\">\n\t\t\t\t<div class=\"elementor-widget-container\">\n\t\t\t\t\t\t\t<div class=\"elementor-shortcode\">\n<div class=\"wpcf7 no-js\" id=\"wpcf7-f6333-o1\" lang=\"en-US\" dir=\"ltr\" data-wpcf7-id=\"6333\">\n<div class=\"screen-reader-response\"><p role=\"status\" aria-live=\"polite\" aria-atomic=\"true\"><\/p> <ul><\/ul><\/div>\n<form action=\"\/cs\/wp-json\/wp\/v2\/pages\/6304#wpcf7-f6333-o1\" method=\"post\" class=\"wpcf7-form init\" aria-label=\"Contact form\" enctype=\"multipart\/form-data\" novalidate=\"novalidate\" data-status=\"init\" data-trp-original-action=\"\/cs\/wp-json\/wp\/v2\/pages\/6304#wpcf7-f6333-o1\">\n<fieldset class=\"hidden-fields-container\"><input type=\"hidden\" name=\"_wpcf7\" value=\"6333\" \/><input type=\"hidden\" name=\"_wpcf7_version\" value=\"6.1.5\" \/><input type=\"hidden\" name=\"_wpcf7_locale\" value=\"en_US\" \/><input type=\"hidden\" name=\"_wpcf7_unit_tag\" value=\"wpcf7-f6333-o1\" \/><input type=\"hidden\" name=\"_wpcf7_container_post\" value=\"0\" \/><input type=\"hidden\" name=\"_wpcf7_posted_data_hash\" value=\"\" \/>\n<\/fieldset>\n<div class=\"row\">\n\t<div class=\"form-group col-6\">\n\t\t<p><span class=\"wpcf7-form-control-wrap\" data-name=\"your-name\"><input size=\"40\" maxlength=\"400\" class=\"wpcf7-form-control wpcf7-text wpcf7-validates-as-required form-control\" aria-required=\"true\" aria-invalid=\"false\" placeholder=\"Jm\u00e9no *\" value=\"\" type=\"text\" name=\"your-name\" \/><\/span>\n\t\t<\/p>\n\t<\/div>\n\t<div class=\"form-group col-6\">\n\t\t<p><span class=\"wpcf7-form-control-wrap\" data-name=\"your-email\"><input size=\"40\" maxlength=\"400\" class=\"wpcf7-form-control wpcf7-email wpcf7-validates-as-required wpcf7-text wpcf7-validates-as-email form-control\" aria-required=\"true\" aria-invalid=\"false\" placeholder=\"Email *\" value=\"\" type=\"email\" name=\"your-email\" \/><\/span>\n\t\t<\/p>\n\t<\/div>\n\t<div class=\"form-group col-6\">\n\t\t<p><span class=\"wpcf7-form-control-wrap\" data-name=\"your-number\"><input size=\"40\" maxlength=\"400\" class=\"wpcf7-form-control wpcf7-tel wpcf7-validates-as-required wpcf7-text wpcf7-validates-as-tel form-control\" aria-required=\"true\" aria-invalid=\"false\" placeholder=\"Telefon *\" value=\"\" type=\"tel\" name=\"your-number\" \/><\/span>\n\t\t<\/p>\n\t<\/div>\n\t<div class=\"form-group col-6\">\n\t\t<p><span class=\"wpcf7-form-control-wrap\" data-name=\"file\"><input size=\"40\" class=\"wpcf7-form-control wpcf7-file\" accept=\".pdf,.doc,.docx,.odt,.jpg,.jpeg,.png,.gif,.svg,.webp,.mp4,.mov,.avi,.mp3,.wav,.ogg,.zip,.rar\" aria-invalid=\"false\" type=\"file\" name=\"file\" \/><\/span>\n\t\t<\/p>\n\t\t<div class=\"form-text text-muted\">\n\t\t\t<p>P\u0159ipojte CV nebo uk\u00e1zky prac\u00ed.\n\t\t\t<\/p>\n\t\t<\/div>\n\t<\/div>\n\t<div class=\"form-group col-12\">\n\t\t<p><span class=\"wpcf7-form-control-wrap\" data-name=\"message\"><textarea cols=\"40\" rows=\"10\" maxlength=\"2000\" class=\"wpcf7-form-control wpcf7-textarea wpcf7-validates-as-required form-control\" aria-required=\"true\" aria-invalid=\"false\" placeholder=\"Zpr\u00e1va*\" name=\"message\"><\/textarea><\/span>\n\t\t<\/p>\n\t<\/div>\n\t<div class=\"form-group col-12\">\n\t\t<p style=\"font-size:13px;\">* Odesl\u00e1n\u00edm formul\u00e1\u0159e souhlas\u00edte se <a href=\"\/cs\/ochrana-osobnich-udaju\/\" target=\"blank\">Z\u00e1sadami ochrany osobn\u00edch \u00fadaj\u016f.<\/a>\n\t\t<\/p>\n\t<\/div>\n\t<div class=\"ms-cf--bottom\">\n\t\t<p><input class=\"wpcf7-form-control wpcf7-submit has-spinner btn\" type=\"submit\" value=\"Odeslat\" \/>\n\t\t<\/p>\n\t<\/div>\n<\/div><div class=\"wpcf7-response-output\" aria-hidden=\"true\"><\/div>\n<input type=\"hidden\" name=\"trp-form-language\" value=\"cs\"\/><\/form>\n<\/div>\n<\/div>\n\t\t\t\t\t\t<\/div>\n\t\t\t\t<\/div>\n\t\t\t\t\t<\/div>\n\t\t<\/div>\n\t\t\t\t\t<\/div>\n\t\t<\/section>\n\t\t\t\t<div class=\"elementor-element elementor-element-753fa586 elementor-widget elementor-widget-spacer\" data-id=\"753fa586\" data-element_type=\"widget\" data-e-type=\"widget\" data-widget_type=\"spacer.default\">\n\t\t\t\t<div class=\"elementor-widget-container\">\n\t\t\t\t\t\t\t<div class=\"elementor-spacer\">\n\t\t\t<div class=\"elementor-spacer-inner\"><\/div>\n\t\t<\/div>\n\t\t\t\t\t\t<\/div>\n\t\t\t\t<\/div>\n\t\t\t\t\t<\/div>\n\t\t<\/div>\n\t\t\t\t\t<\/div>\n\t\t<\/section>\n\t\t\t\t<\/div>","protected":false},"excerpt":{"rendered":"<p>Hled\u00e1me Social Media Managera! Hled\u00e1me \u010dlov\u011bka ze Sedl\u010dan nebo Prahy, kter\u00fd vezme do ruky \u0159\u00edzen\u00ed soci\u00e1ln\u00edch s\u00edt\u00ed n\u011bkter\u00fdch z na\u0161ich zna\u010dek jako jsou MM [&hellip;]<\/p>\n","protected":false},"author":1,"featured_media":0,"parent":0,"menu_order":0,"comment_status":"closed","ping_status":"closed","template":"page-custom.php","meta":{"_acf_changed":false,"footnotes":""},"class_list":["post-6304","page","type-page","status-publish","hentry"],"acf":{"header_transparent":false},"_links":{"self":[{"href":"https:\/\/mmproduction.agency\/cs\/wp-json\/wp\/v2\/pages\/6304","targetHints":{"allow":["GET"]}}],"collection":[{"href":"https:\/\/mmproduction.agency\/cs\/wp-json\/wp\/v2\/pages"}],"about":[{"href":"https:\/\/mmproduction.agency\/cs\/wp-json\/wp\/v2\/types\/page"}],"author":[{"embeddable":true,"href":"https:\/\/mmproduction.agency\/cs\/wp-json\/wp\/v2\/users\/1"}],"replies":[{"embeddable":true,"href":"https:\/\/mmproduction.agency\/cs\/wp-json\/wp\/v2\/comments?post=6304"}],"version-history":[{"count":46,"href":"https:\/\/mmproduction.agency\/cs\/wp-json\/wp\/v2\/pages\/6304\/revisions"}],"predecessor-version":[{"id":6379,"href":"https:\/\/mmproduction.agency\/cs\/wp-json\/wp\/v2\/pages\/6304\/revisions\/6379"}],"wp:attachment":[{"href":"https:\/\/mmproduction.agency\/cs\/wp-json\/wp\/v2\/media?parent=6304"}],"curies":[{"name":"wp","href":"https:\/\/api.w.org\/{rel}","templated":true}]}}