{"id":6843,"date":"2025-07-15T08:55:25","date_gmt":"2025-07-15T06:55:25","guid":{"rendered":"https:\/\/mmproduction.agency\/?page_id=6843"},"modified":"2025-07-15T09:00:23","modified_gmt":"2025-07-15T07:00:23","slug":"cookies","status":"publish","type":"page","link":"https:\/\/mmproduction.agency\/cs\/cookies\/","title":{"rendered":"Cookies"},"content":{"rendered":"<div data-elementor-type=\"wp-page\" data-elementor-id=\"6843\" class=\"elementor elementor-6843\" data-elementor-post-type=\"page\">\n\t\t\t\t\t\t<section class=\"elementor-section elementor-top-section elementor-element elementor-element-3ced9420 elementor-section-boxed elementor-section-height-default elementor-section-height-default\" data-id=\"3ced9420\" data-element_type=\"section\" data-e-type=\"section\" data-settings=\"{&quot;background_background&quot;:&quot;classic&quot;}\">\n\t\t\t\t\t\t<div class=\"elementor-container elementor-column-gap-default\">\n\t\t\t\t\t<div class=\"elementor-column elementor-col-100 elementor-top-column elementor-element elementor-element-58905980\" data-id=\"58905980\" data-element_type=\"column\" data-e-type=\"column\">\n\t\t\t<div class=\"elementor-widget-wrap elementor-element-populated\">\n\t\t\t\t\t\t<div class=\"elementor-element elementor-element-5c2a17cd elementor-widget elementor-widget-text-editor\" data-id=\"5c2a17cd\" data-element_type=\"widget\" data-e-type=\"widget\" data-widget_type=\"text-editor.default\">\n\t\t\t\t<div class=\"elementor-widget-container\">\n\t\t\t\t\t\t\t\t\t<p>Cookies.<\/p>\t\t\t\t\t\t\t\t<\/div>\n\t\t\t\t<\/div>\n\t\t\t\t\t<\/div>\n\t\t<\/div>\n\t\t\t\t\t<\/div>\n\t\t<\/section>\n\t\t\t\t<section class=\"elementor-section elementor-top-section elementor-element elementor-element-396bbef9 elementor-section-boxed elementor-section-height-default elementor-section-height-default\" data-id=\"396bbef9\" data-element_type=\"section\" data-e-type=\"section\">\n\t\t\t\t\t\t<div class=\"elementor-container elementor-column-gap-extended\">\n\t\t\t\t\t<div class=\"elementor-column elementor-col-100 elementor-top-column elementor-element elementor-element-6db094fa\" data-id=\"6db094fa\" data-element_type=\"column\" data-e-type=\"column\">\n\t\t\t<div class=\"elementor-widget-wrap elementor-element-populated\">\n\t\t\t\t\t\t<div class=\"elementor-element elementor-element-fbea27b elementor-widget elementor-widget-text-editor\" data-id=\"fbea27b\" data-element_type=\"widget\" data-e-type=\"widget\" data-widget_type=\"text-editor.default\">\n\t\t\t\t<div class=\"elementor-widget-container\">\n\t\t\t\t\t\t\t\t\t<p><strong>Z\u00e1sady pou\u017eit\u00ed cookies<\/strong><\/p>\n<p><strong>&nbsp;<\/strong><\/p>\n<p>P\u0159i n\u00e1v\u0161t\u011bv\u011b a pou\u017e\u00edv\u00e1n\u00ed webov\u00fdch str\u00e1nek spole\u010dnosti MMP Agency s.r.o. se ve va\u0161em za\u0159\u00edzen\u00ed aktivuj\u00ed cookies nebo jin\u00e9 technologie, jako jsou pixely (d\u00e1le spole\u010dn\u011b \u201ecookies\u201c). Cookies jsou obsahov\u011b mal\u00e9 soubory, kter\u00e9 slou\u017e\u00ed k ukl\u00e1d\u00e1n\u00ed a p\u0159ij\u00edm\u00e1n\u00ed identifik\u00e1tor\u016f a dal\u0161\u00edch informac\u00ed o po\u010d\u00edta\u010d\u00edch, telefonech a jin\u00fdch za\u0159\u00edzen\u00edch, z nich\u017e p\u0159istupujete na webov\u00e9 str\u00e1nky, a pom\u00e1haj\u00ed n\u00e1m tak poskytovat, chr\u00e1nit a zlep\u0161ovat nab\u00edzen\u00e9 slu\u017eby. Pou\u017e\u00edv\u00e1n\u00ed cookies n\u00e1m umo\u017en\u00ed nab\u00eddnout V\u00e1m takov\u00fd obsah a slu\u017eby, kter\u00e9 nejl\u00e9pe odpov\u00eddaj\u00ed Va\u0161im pot\u0159eb\u00e1m a z\u00e1jm\u016fm. Cookies umo\u017e\u0148uj\u00ed zaznamenat informace o Va\u0161\u00ed n\u00e1v\u0161t\u011bv\u011b webov\u00fdch str\u00e1nek a d\u00edky jejich pou\u017e\u00edv\u00e1n\u00ed tak bude Va\u0161e dal\u0161\u00ed n\u00e1v\u0161t\u011bva snaz\u0161\u00ed a rychlej\u0161\u00ed.<\/p><p><br><\/p>\n<p><strong>Jak\u00e9 cookies pou\u017e\u00edv\u00e1me?<\/strong><\/p>\n<p><strong>&nbsp;<\/strong><\/p>\n<p>Spole\u010dnost MMP Agency pou\u017e\u00edv\u00e1 na sv\u00fdch webov\u00fdch str\u00e1nk\u00e1ch funk\u010dn\u00ed, z\u00e1kladn\u00ed analytick\u00e9 a marketingov\u00e9 cookies.<\/p><p><br><\/p>\n<p><strong>Funk\u010dn\u00ed cookies<\/strong><\/p>\n<p><strong>&nbsp;<\/strong><\/p>\n<p>P\u0159i n\u00e1v\u0161t\u011bv\u011b a pou\u017e\u00edv\u00e1n\u00ed na\u0161ich webov\u00fdch str\u00e1nek pouze pro informa\u010dn\u00ed \u00fa\u010dely, tj. pokud se nezaregistrujete nebo n\u00e1m neud\u011bl\u00edte souhlas, shroma\u017e\u010fujeme pouze osobn\u00ed \u00fadaje, kter\u00e9 V\u00e1\u0161 prohl\u00ed\u017ee\u010d p\u0159ed\u00e1v\u00e1 na n\u00e1\u0161 server, co\u017e je nezbytn\u00e9, abychom V\u00e1m mohli zobrazit webov\u00e9 str\u00e1nky a zaru\u010dit V\u00e1m stabilitu a bezpe\u010dnost jejich u\u017e\u00edv\u00e1n\u00ed.<\/p><p><br><\/p>\n<p><strong>Z\u00e1kladn\u00ed analytick\u00e9 cookies<\/strong><\/p>\n<p><strong>&nbsp;<\/strong><\/p>\n<p>Tyto cookies slou\u017e\u00ed ke zlep\u0161en\u00ed fungov\u00e1n\u00ed webov\u00fdch str\u00e1nek. Umo\u017e\u0148uj\u00ed n\u00e1m rozpoznat a zjistit po\u010det n\u00e1v\u0161t\u011bvn\u00edk\u016f a sledovat, jak n\u00e1v\u0161t\u011bvn\u00edci pou\u017e\u00edvaj\u00ed na\u0161e webov\u00e9 str\u00e1nky. Pom\u00e1haj\u00ed n\u00e1m zlep\u0161ovat zp\u016fsob, jak\u00fdm webov\u00e9 str\u00e1nky funguj\u00ed, nap\u0159\u00edklad tak, \u017ee umo\u017e\u0148uj\u00ed u\u017eivatel\u016fm snadno naj\u00edt to, co hledaj\u00ed. Tyto cookies neshroma\u017e\u010fuj\u00ed informace, kter\u00e9 by dok\u00e1zaly identifikovat Va\u0161i osobu. Pomoc\u00ed t\u011bchto n\u00e1stroj\u016f analyzujeme a pravideln\u011b zlep\u0161ujeme funkcionalitu na\u0161ich webov\u00fdch str\u00e1nek. Z\u00edskan\u00e9 statistiky m\u016f\u017eeme pou\u017e\u00edt ke zlep\u0161en\u00ed u\u017eivatelsk\u00e9ho komfortu a abychom u\u010dinili Va\u0161i n\u00e1v\u0161t\u011bvu webov\u00fdch str\u00e1nek zaj\u00edmav\u011bj\u0161\u00ed pro V\u00e1s jako u\u017eivatele.<\/p><p><br><\/p>\n<p><strong>Marketingov\u00e9 cookies<\/strong><\/p>\n<p><strong>&nbsp;<\/strong><\/p>\n<p>Pou\u017e\u00edvaj\u00ed se ke sledov\u00e1n\u00ed preferenc\u00ed u\u017eivatele webov\u00fdch str\u00e1nek za \u00fa\u010delem c\u00edlen\u00ed reklamy, tj. zobrazen\u00ed marketingov\u00fdch a reklamn\u00edch sd\u011blen\u00ed (i na str\u00e1nk\u00e1ch t\u0159et\u00edch stran) v souladu s t\u011bmito preferencemi. Marketingov\u00e9 soubory cookies vyu\u017e\u00edvaj\u00ed n\u00e1stroj\u016f extern\u00edch spole\u010dnost\u00ed. Tyto marketingov\u00e9 cookies budou pou\u017eity pouze na z\u00e1klad\u011b Va\u0161eho souhlasu. Sv\u016fj souhlas m\u016f\u017eete kdykoli upravit nebo odvolat kliknut\u00edm na odkaz \u201eNastaven\u00ed cookies\u201c v doln\u00ed \u010d\u00e1sti webov\u00e9 str\u00e1nky.<\/p>\t\t\t\t\t\t\t\t<\/div>\n\t\t\t\t<\/div>\n\t\t\t\t\t<\/div>\n\t\t<\/div>\n\t\t\t\t\t<\/div>\n\t\t<\/section>\n\t\t\t\t<section class=\"elementor-section elementor-top-section elementor-element elementor-element-b07876c elementor-section-boxed elementor-section-height-default elementor-section-height-default\" data-id=\"b07876c\" data-element_type=\"section\" data-e-type=\"section\" data-settings=\"{&quot;background_background&quot;:&quot;classic&quot;}\">\n\t\t\t\t\t\t<div class=\"elementor-container elementor-column-gap-default\">\n\t\t\t\t\t<div class=\"elementor-column elementor-col-100 elementor-top-column elementor-element elementor-element-729f765\" data-id=\"729f765\" data-element_type=\"column\" data-e-type=\"column\">\n\t\t\t<div class=\"elementor-widget-wrap elementor-element-populated\">\n\t\t\t\t\t\t<div class=\"elementor-element elementor-element-c012f00 elementor-widget elementor-widget-text-editor\" data-id=\"c012f00\" data-element_type=\"widget\" data-e-type=\"widget\" data-widget_type=\"text-editor.default\">\n\t\t\t\t<div class=\"elementor-widget-container\">\n\t\t\t\t\t\t\t\t\t<div>\n<div style=\"text-align: center;\">P\u0159ipraveni tvo\u0159it s n\u00e1mi?<\/div>\n<div style=\"text-align: center; color: #ef5d39;\"><em><u><a href=\"\/cs\/kontakt\/\">Domluvte si sch\u016fzku<\/a><\/u><\/em><\/div>\n<\/div>\t\t\t\t\t\t\t\t<\/div>\n\t\t\t\t<\/div>\n\t\t\t\t\t<\/div>\n\t\t<\/div>\n\t\t\t\t\t<\/div>\n\t\t<\/section>\n\t\t\t\t<\/div>","protected":false},"excerpt":{"rendered":"<p>Cookies. Manage cookie consent &nbsp; When visiting and using the website of MMP Agency s.r.o. cookies or other technologies such as pixels (collectively \u201ccookies\u201d) [&hellip;]<\/p>\n","protected":false},"author":1,"featured_media":0,"parent":0,"menu_order":0,"comment_status":"closed","ping_status":"closed","template":"page-custom.php","meta":{"_acf_changed":false,"footnotes":""},"class_list":["post-6843","page","type-page","status-publish","hentry"],"acf":{"header_transparent":false},"_links":{"self":[{"href":"https:\/\/mmproduction.agency\/cs\/wp-json\/wp\/v2\/pages\/6843","targetHints":{"allow":["GET"]}}],"collection":[{"href":"https:\/\/mmproduction.agency\/cs\/wp-json\/wp\/v2\/pages"}],"about":[{"href":"https:\/\/mmproduction.agency\/cs\/wp-json\/wp\/v2\/types\/page"}],"author":[{"embeddable":true,"href":"https:\/\/mmproduction.agency\/cs\/wp-json\/wp\/v2\/users\/1"}],"replies":[{"embeddable":true,"href":"https:\/\/mmproduction.agency\/cs\/wp-json\/wp\/v2\/comments?post=6843"}],"version-history":[{"count":7,"href":"https:\/\/mmproduction.agency\/cs\/wp-json\/wp\/v2\/pages\/6843\/revisions"}],"predecessor-version":[{"id":6850,"href":"https:\/\/mmproduction.agency\/cs\/wp-json\/wp\/v2\/pages\/6843\/revisions\/6850"}],"wp:attachment":[{"href":"https:\/\/mmproduction.agency\/cs\/wp-json\/wp\/v2\/media?parent=6843"}],"curies":[{"name":"wp","href":"https:\/\/api.w.org\/{rel}","templated":true}]}}