{"id":6873,"date":"2025-07-17T15:04:43","date_gmt":"2025-07-17T13:04:43","guid":{"rendered":"https:\/\/mmproduction.agency\/?page_id=6873"},"modified":"2025-07-19T15:10:01","modified_gmt":"2025-07-19T13:10:01","slug":"podminky-souteze","status":"publish","type":"page","link":"https:\/\/mmproduction.agency\/cs\/podminky-souteze\/","title":{"rendered":"Podm\u00ednky sout\u011b\u017ee"},"content":{"rendered":"<div data-elementor-type=\"wp-page\" data-elementor-id=\"6873\" class=\"elementor elementor-6873\" data-elementor-post-type=\"page\">\n\t\t\t\t\t\t<section class=\"elementor-section elementor-top-section elementor-element elementor-element-3ced9420 elementor-section-boxed elementor-section-height-default elementor-section-height-default\" data-id=\"3ced9420\" data-element_type=\"section\" data-e-type=\"section\" data-settings=\"{&quot;background_background&quot;:&quot;classic&quot;}\">\n\t\t\t\t\t\t<div class=\"elementor-container elementor-column-gap-default\">\n\t\t\t\t\t<div class=\"elementor-column elementor-col-100 elementor-top-column elementor-element elementor-element-58905980\" data-id=\"58905980\" data-element_type=\"column\" data-e-type=\"column\">\n\t\t\t<div class=\"elementor-widget-wrap elementor-element-populated\">\n\t\t\t\t\t\t<div class=\"elementor-element elementor-element-5c2a17cd elementor-widget elementor-widget-text-editor\" data-id=\"5c2a17cd\" data-element_type=\"widget\" data-e-type=\"widget\" data-widget_type=\"text-editor.default\">\n\t\t\t\t<div class=\"elementor-widget-container\">\n\t\t\t\t\t\t\t\t\t<p>Podm\u00ednky sout\u011b\u017ee.<\/p>\t\t\t\t\t\t\t\t<\/div>\n\t\t\t\t<\/div>\n\t\t\t\t\t<\/div>\n\t\t<\/div>\n\t\t\t\t\t<\/div>\n\t\t<\/section>\n\t\t\t\t<section class=\"elementor-section elementor-top-section elementor-element elementor-element-396bbef9 elementor-section-boxed elementor-section-height-default elementor-section-height-default\" data-id=\"396bbef9\" data-element_type=\"section\" data-e-type=\"section\">\n\t\t\t\t\t\t<div class=\"elementor-container elementor-column-gap-extended\">\n\t\t\t\t\t<div class=\"elementor-column elementor-col-100 elementor-top-column elementor-element elementor-element-6db094fa\" data-id=\"6db094fa\" data-element_type=\"column\" data-e-type=\"column\">\n\t\t\t<div class=\"elementor-widget-wrap elementor-element-populated\">\n\t\t\t\t\t\t<div class=\"elementor-element elementor-element-fbea27b elementor-widget elementor-widget-text-editor\" data-id=\"fbea27b\" data-element_type=\"widget\" data-e-type=\"widget\" data-widget_type=\"text-editor.default\">\n\t\t\t\t<div class=\"elementor-widget-container\">\n\t\t\t\t\t\t\t\t\t<p>Podrobn\u00e1 pravidla sout\u011b\u017ee \u201eSONY REELS CHALLENGE \u2013 Posedl\u00ed Dakarem Open Air 2025\u201c<\/p><p>\u00a0<\/p><p><strong>Po\u0159adatel sout\u011b\u017ee:<\/strong><\/p><p><br \/>MMP Agency, s.r.o., se s\u00eddlem Mikulandsk\u00e1 119\/10, Nov\u00e9 M\u011bsto (Praha 1), 110 00 Praha, I\u010cO: 19638604<br \/>(d\u00e1le jen \u201eorganiz\u00e1tor\u201c)<\/p><p>\u00a0<\/p><p><strong>Spoluorganiz\u00e1tor sout\u011b\u017ee:<\/strong><\/p><p><br \/>Sony Czech Republic (poskytovatel techniky a v\u00fdher, d\u00e1le jen \u201espoluorganiz\u00e1tor\u201c)<\/p><p>\u00a0<\/p><p><strong>M\u00edsto a \u010das kon\u00e1n\u00ed sout\u011b\u017ee:<\/strong><\/p><p><br \/>Sout\u011b\u017e b\u011b\u017e\u00ed od 20. 7. do 22. 8. 2025, a to na soci\u00e1ln\u00ed s\u00edti Instagram a v pr\u016fb\u011bhu akce Posedl\u00ed Dakarem OPEN AIR 2025, kter\u00e1 se kon\u00e1 v Sedl\u010dansk\u00e9 kotlin\u011b, Sedl\u010dany.<\/p><p><br \/><strong>I. \u00da\u010dast v sout\u011b\u017ei<\/strong><\/p><p><br \/>1. P\u0159ihl\u00e1\u0161en\u00ed do sout\u011b\u017ee prob\u00edh\u00e1 prost\u0159ednictv\u00edm formul\u00e1\u0159e, ve kter\u00e9m \u00fa\u010dastn\u00edk:<br \/>o uvede z\u00e1kladn\u00ed kontaktn\u00ed \u00fadaje (jm\u00e9no, p\u0159\u00edjmen\u00ed, email, telefonn\u00ed \u010d\u00edslo),<br \/>o p\u0159ilo\u017e\u00ed uk\u00e1zku sv\u00e9 audiovizu\u00e1ln\u00ed pr\u00e1ce (video ide\u00e1ln\u011b z motorsportov\u00e9ho prost\u0159ed\u00ed nebo eventu).<br \/>2. Z p\u0159ihl\u00e1\u0161en\u00fdch tv\u016frc\u016f bude do 27. 7. 2025 vybr\u00e1no max. 20 \u00fa\u010dastn\u00edk\u016f, kte\u0159\u00ed obdr\u017e\u00ed potvrzen\u00ed \u00fa\u010dasti na akci Posedl\u00ed Dakarem Open Air 2025. Vybran\u00ed tv\u016frci se zavazuj\u00ed potvrdit \u00fa\u010dast na eventu nejpozd\u011bji do 1. 8. 2025.<br \/>3. Sout\u011b\u017ee se mohou z\u00fa\u010dastnit fyzick\u00e9 osoby star\u0161\u00ed 15 let s doru\u010dovac\u00ed adresou na \u00fazem\u00ed \u010cR. Podm\u00ednkou \u00fa\u010dasti je:<br \/>o aktivn\u00ed ve\u0159ejn\u00fd Instagramov\u00fd profil po dobu kon\u00e1n\u00ed sout\u011b\u017ee,<br \/>o osobn\u00ed \u00fa\u010dast na akci,<br \/>o spln\u011bn\u00ed zad\u00e1n\u00ed.<\/p><p>________________________________________<\/p><p>\u00a0<\/p><p><strong>II. Pr\u016fb\u011bh sout\u011b\u017ee<\/strong><\/p><p><br \/>1. Ka\u017ed\u00fd vybran\u00fd \u00fa\u010dastn\u00edk obdr\u017e\u00ed na m\u00edst\u011b:<br \/>o press p\u00e1sek,<br \/>o p\u0159\u00edstup k zap\u016fj\u010den\u00e9 technice Sony (kamerov\u00e1 v\u00fdbava),<br \/>o kr\u00e1tk\u00e9 technick\u00e9 \u0161kolen\u00ed a bezpe\u010dnostn\u00ed briefing,<br \/>o formul\u00e1\u0159 o zap\u016fj\u010den\u00ed techniky (podpis je podm\u00ednkou \u00fa\u010dasti).<br \/>2. \u00da\u010dastn\u00edci si p\u0159inesou:<br \/>o vlastn\u00ed pam\u011b\u0165ov\u00e9 karty kompatibiln\u00ed s technikou Sony (SD karta),<br \/>o vlastn\u00ed notebook pro p\u0159\u00edpadn\u00e9 z\u00e1lohov\u00e1n\u00ed a st\u0159ih.<br \/>3. Zad\u00e1n\u00ed sout\u011b\u017ee:<br \/>o vytvo\u0159it kr\u00e1tk\u00e9 reels video (max. 30 sekund) zachycuj\u00edc\u00ed akci, emoce a atmosf\u00e9ru akce,<br \/>o video mus\u00ed b\u00fdt nato\u010deno v\u00fdhradn\u011b na techniku Sony,<br \/>o v\u00fdstup mus\u00ed viditeln\u011b obsahovat kamerovou techniku Sony,<br \/>o sout\u011b\u017e\u00edc\u00ed mus\u00ed v\u00fdstup zaslat na email video@mmproduction.agency(sta\u010d\u00ed formou odkazu ke sta\u017een\u00ed) do \u0161esti dn\u016f od skon\u010den\u00ed akce, tedy nejpozd\u011bji do15. 8. 2025.<br \/>4. \u00da\u010dastn\u00edci budou b\u011bhem akce vyzv\u00e1n\u00ed k publikacistories s ozna\u010den\u00edm partner\u016f a akce.<br \/>________________________________________<\/p><p>\u00a0<\/p><p><strong>III. Hodnocen\u00ed a v\u00fdhry<\/strong><\/p><p><br \/>1. Po ukon\u010den\u00ed sout\u011b\u017ee bude v\u00fdb\u011brov\u00e1 komise slo\u017een\u00e1 ze z\u00e1stupc\u016f organiz\u00e1tora a spoluorganiz\u00e1tora hodnotit v\u0161echny zaslan\u00e9v\u00fdstupy.<br \/>2. Hodnotic\u00edmi krit\u00e9rii jsou:<br \/>o originalita zpracov\u00e1n\u00ed,<br \/>o emoce a storytelling,<br \/>o technick\u00e9 zpracov\u00e1n\u00ed,<br \/>o dodr\u017een\u00ed zad\u00e1n\u00ed.<br \/>3. T\u0159i nejlep\u0161\u00ed tv\u016frci z\u00edskaj\u00ed n\u00e1sleduj\u00edc\u00ed ceny:<br \/>o 1. m\u00edsto: voucher v hodnot\u011b 5 000 K\u010d na n\u00e1kup foto\/video techniky Sony,<br \/>o 2. m\u00edsto: p\u0159enosn\u00fd reproduktor a sluch\u00e1tka Sony,<br \/>o 3. m\u00edsto: p\u0159enosn\u00fd reproduktor Sony.<br \/>V\u00fdsledky budou ozn\u00e1meny na Instagramov\u00e9m profilu @posedlidakarem a\/nebo @SonyCzech nejpozd\u011bji dne22. 8. 2025.<br \/>________________________________________<\/p><p>\u00a0<\/p><p><strong>IV. Z\u00e1v\u011bre\u010dn\u00e1 ustanoven\u00ed<\/strong><\/p><p><br \/>1. \u00da\u010dast\u00ed v sout\u011b\u017ei \u00fa\u010dastn\u00edci stvrzuj\u00ed, \u017ee se sezn\u00e1mili s t\u011bmito podrobn\u00fdmi pravidly i s obecn\u00fdmi pravidly marketingov\u00fdch sout\u011b\u017e\u00ed MMP Agency a souhlas\u00ed s nimi.<br \/>2. Organiz\u00e1tor si vyhrazuje pr\u00e1vo pravidla kdykoliv upravit a d\u00e1le sout\u011b\u017e p\u0159eru\u0161it nebo zcela zru\u0161it, a to zejm\u00e9na v p\u0159\u00edpad\u011b technick\u00fdch nebo organiza\u010dn\u00edch probl\u00e9m\u016f.<br \/>3. V\u00fdherci souhlas\u00ed s uve\u0159ejn\u011bn\u00edm sv\u00e9ho jm\u00e9na a v\u00fdstupu pro \u00fa\u010dely propagace projektu Posedl\u00ed Dakarem, zna\u010dky Sony a partner\u016f akce.<br \/>4. \u00da\u010dastn\u00edk zasl\u00e1n\u00edm sout\u011b\u017en\u00edho videa poskytuje souhlask v\u00fdkonu ve\u0161ker\u00fdch autorsk\u00fdch majetkov\u00fdchpr\u00e1v, pokud vzniknou d\u00edla, kter\u00e1 jsou p\u0159edm\u011btem pr\u00e1v k du\u0161evn\u00edmuvlastnictv\u00ed, Organiz\u00e1torem. <br \/>5. \u00da\u010dastn\u00edksouhlasem s t\u011bmito podm\u00ednkami v\u00fdslovn\u011b poskytuje Organiz\u00e1torovi pr\u00e1vov\u00fdkonu ve\u0161ker\u00fdch autorsk\u00fdch majetkov\u00fdch pr\u00e1v (licenci) k autorsk\u00fdm d\u00edl\u016fm, kter\u00e1 mohoub\u00fdt v r\u00e1mci t\u00e9to sout\u011b\u017ee vytvo\u0159ena, a to v\u0161emi zp\u016fsoby u\u017eit\u00ed, neomezen\u00e9 mno\u017estevn\u011b,\u010dasov\u011b ani \u00fazemn\u011b.<br \/>6. V\u00fdhry nelze sm\u011bnit za hotovost. V\u00fdherci jsou odpov\u011bdni za spln\u011bn\u00ed da\u0148ov\u00fdch povinnost\u00ed dle z\u00e1kona.<br \/>________________________________________<\/p><p>\u00a0<\/p>\t\t\t\t\t\t\t\t<\/div>\n\t\t\t\t<\/div>\n\t\t\t\t\t<\/div>\n\t\t<\/div>\n\t\t\t\t\t<\/div>\n\t\t<\/section>\n\t\t\t\t<section class=\"elementor-section elementor-top-section elementor-element elementor-element-b07876c elementor-section-boxed elementor-section-height-default elementor-section-height-default\" data-id=\"b07876c\" data-element_type=\"section\" data-e-type=\"section\" data-settings=\"{&quot;background_background&quot;:&quot;classic&quot;}\">\n\t\t\t\t\t\t<div class=\"elementor-container elementor-column-gap-default\">\n\t\t\t\t\t<div class=\"elementor-column elementor-col-100 elementor-top-column elementor-element elementor-element-729f765\" data-id=\"729f765\" data-element_type=\"column\" data-e-type=\"column\">\n\t\t\t<div class=\"elementor-widget-wrap elementor-element-populated\">\n\t\t\t\t\t\t<div class=\"elementor-element elementor-element-c012f00 elementor-widget elementor-widget-text-editor\" data-id=\"c012f00\" data-element_type=\"widget\" data-e-type=\"widget\" data-widget_type=\"text-editor.default\">\n\t\t\t\t<div class=\"elementor-widget-container\">\n\t\t\t\t\t\t\t\t\t<div>\n<div style=\"text-align: center;\">P\u0159ipraveni tvo\u0159it s n\u00e1mi?<\/div>\n<div style=\"text-align: center; color: #ef5d39;\"><em><u><a href=\"\/cs\/kontakt\/\">Domluvte si sch\u016fzku<\/a><\/u><\/em><\/div>\n<\/div>\t\t\t\t\t\t\t\t<\/div>\n\t\t\t\t<\/div>\n\t\t\t\t\t<\/div>\n\t\t<\/div>\n\t\t\t\t\t<\/div>\n\t\t<\/section>\n\t\t\t\t<\/div>","protected":false},"excerpt":{"rendered":"<p>Podm\u00ednky sout\u011b\u017ee. Podrobn\u00e1 pravidla sout\u011b\u017ee \u201eSONY REELS CHALLENGE \u2013 Posedl\u00ed Dakarem Open Air 2025\u201c \u00a0 Po\u0159adatel sout\u011b\u017ee: MMP Agency, s.r.o., se s\u00eddlem Mikulandsk\u00e1 119\/10, [&hellip;]<\/p>\n","protected":false},"author":1,"featured_media":0,"parent":0,"menu_order":0,"comment_status":"closed","ping_status":"closed","template":"page-custom.php","meta":{"_acf_changed":false,"footnotes":""},"class_list":["post-6873","page","type-page","status-publish","hentry"],"acf":{"header_transparent":false},"_links":{"self":[{"href":"https:\/\/mmproduction.agency\/cs\/wp-json\/wp\/v2\/pages\/6873","targetHints":{"allow":["GET"]}}],"collection":[{"href":"https:\/\/mmproduction.agency\/cs\/wp-json\/wp\/v2\/pages"}],"about":[{"href":"https:\/\/mmproduction.agency\/cs\/wp-json\/wp\/v2\/types\/page"}],"author":[{"embeddable":true,"href":"https:\/\/mmproduction.agency\/cs\/wp-json\/wp\/v2\/users\/1"}],"replies":[{"embeddable":true,"href":"https:\/\/mmproduction.agency\/cs\/wp-json\/wp\/v2\/comments?post=6873"}],"version-history":[{"count":10,"href":"https:\/\/mmproduction.agency\/cs\/wp-json\/wp\/v2\/pages\/6873\/revisions"}],"predecessor-version":[{"id":6925,"href":"https:\/\/mmproduction.agency\/cs\/wp-json\/wp\/v2\/pages\/6873\/revisions\/6925"}],"wp:attachment":[{"href":"https:\/\/mmproduction.agency\/cs\/wp-json\/wp\/v2\/media?parent=6873"}],"curies":[{"name":"wp","href":"https:\/\/api.w.org\/{rel}","templated":true}]}}