{"id":6878,"date":"2025-07-18T18:49:21","date_gmt":"2025-07-18T16:49:21","guid":{"rendered":"https:\/\/mmproduction.agency\/?page_id=6878"},"modified":"2025-07-27T12:40:35","modified_gmt":"2025-07-27T10:40:35","slug":"komunikacni-specialista","status":"publish","type":"page","link":"https:\/\/mmproduction.agency\/cs\/komunikacni-specialista\/","title":{"rendered":"Komunika\u010dn\u00ed specialista"},"content":{"rendered":"<div data-elementor-type=\"wp-page\" data-elementor-id=\"6878\" class=\"elementor elementor-6878\" data-elementor-post-type=\"page\">\n\t\t\t\t\t\t<section class=\"elementor-section elementor-top-section elementor-element elementor-element-7378584 elementor-section-boxed elementor-section-height-default elementor-section-height-default\" data-id=\"7378584\" data-element_type=\"section\" data-e-type=\"section\" data-settings=\"{&quot;background_background&quot;:&quot;classic&quot;}\">\n\t\t\t\t\t\t<div class=\"elementor-container elementor-column-gap-default\">\n\t\t\t\t\t<div class=\"elementor-column elementor-col-100 elementor-top-column elementor-element elementor-element-1668434\" data-id=\"1668434\" data-element_type=\"column\" data-e-type=\"column\">\n\t\t\t<div class=\"elementor-widget-wrap elementor-element-populated\">\n\t\t\t\t\t\t<div class=\"elementor-element elementor-element-4ce418d elementor-widget elementor-widget-text-editor\" data-id=\"4ce418d\" data-element_type=\"widget\" data-e-type=\"widget\" data-widget_type=\"text-editor.default\">\n\t\t\t\t<div class=\"elementor-widget-container\">\n\t\t\t\t\t\t\t\t\t<p>Hled\u00e1me Komunika\u010dn\u00edho Specialistu!<\/p>\t\t\t\t\t\t\t\t<\/div>\n\t\t\t\t<\/div>\n\t\t\t\t\t<\/div>\n\t\t<\/div>\n\t\t\t\t\t<\/div>\n\t\t<\/section>\n\t\t<div class=\"elementor-element elementor-element-fa91f71 e-flex e-con-boxed e-con e-parent\" data-id=\"fa91f71\" data-element_type=\"container\" data-e-type=\"container\">\n\t\t\t\t\t<div class=\"e-con-inner\">\n\t\t\t\t<div class=\"elementor-element elementor-element-fba944d elementor-widget elementor-widget-text-editor\" data-id=\"fba944d\" data-element_type=\"widget\" data-e-type=\"widget\" data-widget_type=\"text-editor.default\">\n\t\t\t\t<div class=\"elementor-widget-container\">\n\t\t\t\t\t\t\t\t\t<p>Ne\u010dekej klidnou j\u00edzdu po d\u00e1lnici. Tohle je off-road. Hled\u00e1me komunika\u010dn\u00edho specialistu, kter\u00fd rozum\u00ed obsahu, kampan\u00edm i komunit\u011b. Kdo ch\u00e1pe, \u017ee strategie nen\u00ed jen prezentace \u2013 ale \u017ee ka\u017ed\u00e1 zna\u010dka pot\u0159ebuje dr\u017eet tempo i spr\u00e1vn\u011b na\u010dasovat, kdy ubrat.<\/p>\n<p>Tv\u00fdm hlavn\u00edm \u00fakolem bude ud\u00e1vat sm\u011br komunikace, koordinovat v\u00fdstupy s produkc\u00ed a zad\u00e1vat podklady. Mluvit jazykem zna\u010dky bude na tob\u011b, a to podle strategie, kterou bu\u010f nastav\u00ed\u0161, nebo poctiv\u011b dr\u017e\u00ed\u0161 v ide\u00e1ln\u00ed stop\u011b.<\/p>\n<p><strong>&nbsp;<\/strong><\/p>\n<p><strong>Co bude\u0161 d\u011blat?<\/strong><\/p>\n<p><strong>&nbsp;<\/strong><\/p>\n<ul>\n<li>Tvo\u0159it komunikaci pro projekty, kter\u00e9 maj\u00ed jasnou vizi, vlastn\u00ed hlas a aktivn\u00ed komunitu<\/li>\n<li>Navrhovat strategie, obsahov\u00e9 pl\u00e1ny a kampan\u011b s v\u00fdkonem i p\u0159\u00edb\u011bhem<\/li>\n<li>Vym\u00fd\u0161let a publikovat content, co lad\u00ed se zna\u010dkou \u2013 od post\u016f na soci\u00e1ln\u00edch s\u00edt\u00edch po obsah na webu<\/li>\n<li>Zad\u00e1vat v\u00fdstupy produkci \u2013 od briefu po publikaci<\/li>\n<li>Koordinovat projekty s kameramany, grafiky i partnery<\/li>\n<li>Udr\u017eovat tone of voice a vizu\u00e1ln\u00ed kontinuitu zna\u010dek nap\u0159\u00ed\u010d kan\u00e1ly<\/li>\n<li>B\u00fdt v kontaktu s&nbsp;komunitou a starat se o ni<\/li>\n<li>Vyhodnocovat v\u00fdsledky a hledat cesty, jak komunikaci posouvat<\/li>\n<\/ul>\n<p><strong>&nbsp;<\/strong><\/p>\n<p><strong>Co bys m\u011bl\/a um\u011bt?<\/strong><\/p>\n<p><strong>&nbsp;<\/strong><\/p>\n<ul>\n<li>Ovl\u00e1dat komunikaci jako s p\u0159ehledem a s&nbsp;v\u011bdom\u00edm, \u017ee m\u00e1\u0161 za sebou t\u00fdm, co t\u011b podr\u017e\u00ed<\/li>\n<li>M\u00edt zku\u0161enost s brandem, kampan\u011bmi a rozjet\u00fdmi projekty<\/li>\n<li>Minim\u00e1ln\u011b 3-5 let praxe v&nbsp;marketingu na podobn\u00e9 pozici<\/li>\n<li>Ovl\u00e1dat pr\u00e1ci s&nbsp;AI (minim\u00e1ln\u011b Chat GPT) a m\u00edt ochotu se t\u00edmto sm\u011brem d\u00e1l sebe rozv\u00edjet<\/li>\n<li>Um\u011bt ps\u00e1t \u2013 chyt\u0159e, svi\u017en\u011b a tak, aby text mluvil jazykem zna\u010dky<\/li>\n<li>Pracovat samostatn\u011b, ale b\u00fdt sou\u010d\u00e1st\u00ed t\u00fdmu<\/li>\n<li>Zad\u00e1vat jasn\u011b a konstruktivn\u011b \u2013 a neb\u00e1t se vyty\u010dit vlastn\u00ed trasu<\/li>\n<li>Jednat s produkc\u00ed, napsat post nebo doladit grafiku v Canv\u011b<\/li>\n<\/ul>\n<ul>\n<li>Nas\u00e1vat know-how a um\u011bt ho vyu\u017e\u00edt<\/li>\n<\/ul>\n<ul>\n<li>Domluvit se anglicky i s&nbsp;velbloudem<\/li>\n<\/ul>\n<p><strong><br><\/strong><\/p><p><strong>Co nab\u00edz\u00edme<\/strong><\/p>\n<p><strong>&nbsp;<\/strong><\/p>\n<ul>\n<li>P\u0159\u00edstup ke zna\u010dk\u00e1m, kter\u00e9 maj\u00ed zvuk, komunitu a drive<\/li>\n<li>Pr\u00e1ci na unik\u00e1tn\u00edch projektech a bez zdlouhav\u00fdch schvalovac\u00edch kole\u010dek<\/li>\n<li>Sehran\u00fd t\u00fdm, se kter\u00fdm se bude\u0161 pravideln\u011b potk\u00e1vat v&nbsp;Praze a v Sedl\u010danech<\/li>\n<li>Prostor pro r\u016fst a vzd\u011bl\u00e1v\u00e1n\u00ed<\/li>\n<li>Pravideln\u00fd home office dle domluvy a pot\u0159eby<\/li>\n<li>P\u0159\u00edle\u017eitost cestovat nejen po \u010cR, ale tak\u00e9 do zahrani\u010d\u00ed<\/li>\n<li>Spolupr\u00e1ci v&nbsp;rozsahu full-time<\/li>\n<li>Odm\u011bnu 45&nbsp;000 &#8211; 60 000 K\u010d dle zku\u0161enost\u00ed, formy spolupr\u00e1ce a pln\u011bn\u00ed c\u00edl\u016f<\/li>\n<\/ul>\n<div>&nbsp;<\/div>\n<p><img decoding=\"async\" class=\"emoji\" role=\"img\" draggable=\"false\" src=\"https:\/\/s.w.org\/images\/core\/emoji\/16.0.1\/svg\/1f3af.svg\" alt=\"\ud83c\udfaf\"> M\u00e1\u0161 chu\u0165 nasko\u010dit? Um\u00ed\u0161 dr\u017eet sm\u011br, zvl\u00e1dne\u0161 p\u0159ehodit rychlost, kdy\u017e je pot\u0159eba, a v\u00ed\u0161, \u017ee komunikace nen\u00ed jen pl\u00e1n, ale i exekutiva? Ozvi se. Po\u0161li p\u00e1r slov o sob\u011b, uk\u00e1zky pr\u00e1ce a t\u0159eba i historku z momentu, kdy jsi n\u011bco dovedl\/a \u00fasp\u011b\u0161n\u011b do c\u00edle.<\/p>\t\t\t\t\t\t\t\t<\/div>\n\t\t\t\t<\/div>\n\t\t\t\t\t<\/div>\n\t\t\t\t<\/div>\n\t\t\t\t<section class=\"elementor-section elementor-top-section elementor-element elementor-element-b07876c elementor-section-boxed elementor-section-height-default elementor-section-height-default\" data-id=\"b07876c\" data-element_type=\"section\" data-e-type=\"section\" data-settings=\"{&quot;background_background&quot;:&quot;classic&quot;}\">\n\t\t\t\t\t\t<div class=\"elementor-container elementor-column-gap-default\">\n\t\t\t\t\t<div class=\"elementor-column elementor-col-100 elementor-top-column elementor-element elementor-element-729f765\" data-id=\"729f765\" data-element_type=\"column\" data-e-type=\"column\">\n\t\t\t<div class=\"elementor-widget-wrap elementor-element-populated\">\n\t\t\t\t\t\t<div class=\"elementor-element elementor-element-c012f00 elementor-widget elementor-widget-text-editor\" data-id=\"c012f00\" data-element_type=\"widget\" data-e-type=\"widget\" data-widget_type=\"text-editor.default\">\n\t\t\t\t<div class=\"elementor-widget-container\">\n\t\t\t\t\t\t\t\t\t<div>Jsi p\u0159ipraven\/a?<\/div>\t\t\t\t\t\t\t\t<\/div>\n\t\t\t\t<\/div>\n\t\t\t\t\t<\/div>\n\t\t<\/div>\n\t\t\t\t\t<\/div>\n\t\t<\/section>\n\t\t\t\t<section class=\"elementor-section elementor-top-section elementor-element elementor-element-d3ccec elementor-section-boxed elementor-section-height-default elementor-section-height-default\" data-id=\"d3ccec\" data-element_type=\"section\" data-e-type=\"section\">\n\t\t\t\t\t\t<div class=\"elementor-container elementor-column-gap-no\">\n\t\t\t\t\t<div class=\"elementor-column elementor-col-100 elementor-top-column elementor-element elementor-element-5b33c64b\" data-id=\"5b33c64b\" data-element_type=\"column\" data-e-type=\"column\">\n\t\t\t<div class=\"elementor-widget-wrap elementor-element-populated\">\n\t\t\t\t\t\t<section class=\"elementor-section elementor-inner-section elementor-element elementor-element-1e9a822d elementor-section-full_width elementor-section-height-default elementor-section-height-default\" data-id=\"1e9a822d\" data-element_type=\"section\" data-e-type=\"section\">\n\t\t\t\t\t\t<div class=\"elementor-container elementor-column-gap-extended\">\n\t\t\t\t\t<div class=\"elementor-column elementor-col-50 elementor-inner-column elementor-element elementor-element-5e7b9b17\" data-id=\"5e7b9b17\" data-element_type=\"column\" data-e-type=\"column\">\n\t\t\t<div class=\"elementor-widget-wrap elementor-element-populated\">\n\t\t\t\t\t\t<div class=\"elementor-element elementor-element-2c877c3a elementor-widget elementor-widget-text-editor\" data-id=\"2c877c3a\" data-element_type=\"widget\" data-e-type=\"widget\" data-widget_type=\"text-editor.default\">\n\t\t\t\t<div class=\"elementor-widget-container\">\n\t\t\t\t\t\t\t\t\t<p data-start=\"247\" data-end=\"455\">Pokud t\u011b bav\u00ed tvo\u0159it obsah, kter\u00fd m\u00e1 drive a smysl, jsi na spr\u00e1vn\u00e9 adrese. Hled\u00e1me par\u0165\u00e1ka, kter\u00fd miluje pohyb, tempo a autenti\u010dnost. Vypl\u0148 kr\u00e1tk\u00fd formul\u00e1\u0159 a dej n\u00e1m v\u011bd\u011bt, jak\u00fd p\u0159\u00edb\u011bh bychom mohli tvo\u0159it spole\u010dn\u011b.<\/p>\t\t\t\t\t\t\t\t<\/div>\n\t\t\t\t<\/div>\n\t\t\t\t<section class=\"elementor-section elementor-inner-section elementor-element elementor-element-488cec1c elementor-section-full_width elementor-section-height-default elementor-section-height-default\" data-id=\"488cec1c\" data-element_type=\"section\" data-e-type=\"section\">\n\t\t\t\t\t\t<div class=\"elementor-container elementor-column-gap-no\">\n\t\t\t\t\t<div class=\"elementor-column elementor-col-100 elementor-inner-column elementor-element elementor-element-35d484bb\" data-id=\"35d484bb\" data-element_type=\"column\" data-e-type=\"column\">\n\t\t\t<div class=\"elementor-widget-wrap elementor-element-populated\">\n\t\t\t\t\t\t<div class=\"elementor-element elementor-element-2a1575d7 elementor-widget elementor-widget-heading\" data-id=\"2a1575d7\" data-element_type=\"widget\" data-e-type=\"widget\" data-widget_type=\"heading.default\">\n\t\t\t\t<div class=\"elementor-widget-container\">\n\t\t\t\t\t<h4 class=\"elementor-heading-title elementor-size-default\">Email:<\/h4>\t\t\t\t<\/div>\n\t\t\t\t<\/div>\n\t\t\t\t<div class=\"elementor-element elementor-element-4b7b4cf elementor-widget elementor-widget-text-editor\" data-id=\"4b7b4cf\" data-element_type=\"widget\" data-e-type=\"widget\" data-widget_type=\"text-editor.default\">\n\t\t\t\t<div class=\"elementor-widget-container\">\n\t\t\t\t\t\t\t\t\t<a href=\"mailto:jobs@mmproduction.agency\">jobs@mmproduction.agency<\/a>\t\t\t\t\t\t\t\t<\/div>\n\t\t\t\t<\/div>\n\t\t\t\t\t<\/div>\n\t\t<\/div>\n\t\t\t\t\t<\/div>\n\t\t<\/section>\n\t\t\t\t<section class=\"elementor-section elementor-inner-section elementor-element elementor-element-6047c95 elementor-section-full_width elementor-section-height-default elementor-section-height-default\" data-id=\"6047c95\" data-element_type=\"section\" data-e-type=\"section\">\n\t\t\t\t\t\t<div class=\"elementor-container elementor-column-gap-no\">\n\t\t\t\t\t<div class=\"elementor-column elementor-col-100 elementor-inner-column elementor-element elementor-element-33ca3a86\" data-id=\"33ca3a86\" data-element_type=\"column\" data-e-type=\"column\">\n\t\t\t<div class=\"elementor-widget-wrap elementor-element-populated\">\n\t\t\t\t\t\t<div class=\"elementor-element elementor-element-5939ac7e elementor-widget elementor-widget-heading\" data-id=\"5939ac7e\" data-element_type=\"widget\" data-e-type=\"widget\" data-widget_type=\"heading.default\">\n\t\t\t\t<div class=\"elementor-widget-container\">\n\t\t\t\t\t<h4 class=\"elementor-heading-title elementor-size-default\">Telefon:<\/h4>\t\t\t\t<\/div>\n\t\t\t\t<\/div>\n\t\t\t\t<div class=\"elementor-element elementor-element-45ad87ae elementor-widget elementor-widget-text-editor\" data-id=\"45ad87ae\" data-element_type=\"widget\" data-e-type=\"widget\" data-widget_type=\"text-editor.default\">\n\t\t\t\t<div class=\"elementor-widget-container\">\n\t\t\t\t\t\t\t\t\t<a href=\"tel:+420 799 025 566\">+420 799 025 566<\/a>\t\t\t\t\t\t\t\t<\/div>\n\t\t\t\t<\/div>\n\t\t\t\t\t<\/div>\n\t\t<\/div>\n\t\t\t\t\t<\/div>\n\t\t<\/section>\n\t\t\t\t\t<\/div>\n\t\t<\/div>\n\t\t\t\t<div class=\"elementor-column elementor-col-50 elementor-inner-column elementor-element elementor-element-4112c9c2\" data-id=\"4112c9c2\" data-element_type=\"column\" data-e-type=\"column\">\n\t\t\t<div class=\"elementor-widget-wrap elementor-element-populated\">\n\t\t\t\t\t\t<div class=\"elementor-element elementor-element-5ce368b4 elementor-widget elementor-widget-shortcode\" data-id=\"5ce368b4\" data-element_type=\"widget\" data-e-type=\"widget\" data-widget_type=\"shortcode.default\">\n\t\t\t\t<div class=\"elementor-widget-container\">\n\t\t\t\t\t\t\t<div class=\"elementor-shortcode\">\n<div class=\"wpcf7 no-js\" id=\"wpcf7-f6903-o1\" lang=\"en-US\" dir=\"ltr\" data-wpcf7-id=\"6903\">\n<div class=\"screen-reader-response\"><p role=\"status\" aria-live=\"polite\" aria-atomic=\"true\"><\/p> <ul><\/ul><\/div>\n<form action=\"\/cs\/wp-json\/wp\/v2\/pages\/6878#wpcf7-f6903-o1\" method=\"post\" class=\"wpcf7-form init\" aria-label=\"Contact form\" enctype=\"multipart\/form-data\" novalidate=\"novalidate\" data-status=\"init\" data-trp-original-action=\"\/cs\/wp-json\/wp\/v2\/pages\/6878#wpcf7-f6903-o1\">\n<fieldset class=\"hidden-fields-container\"><input type=\"hidden\" name=\"_wpcf7\" value=\"6903\" \/><input type=\"hidden\" name=\"_wpcf7_version\" value=\"6.1.5\" \/><input type=\"hidden\" name=\"_wpcf7_locale\" value=\"en_US\" \/><input type=\"hidden\" name=\"_wpcf7_unit_tag\" value=\"wpcf7-f6903-o1\" \/><input type=\"hidden\" name=\"_wpcf7_container_post\" value=\"0\" \/><input type=\"hidden\" name=\"_wpcf7_posted_data_hash\" value=\"\" \/>\n<\/fieldset>\n<div class=\"row\">\n\t<div class=\"form-group col-6\">\n\t\t<p><span class=\"wpcf7-form-control-wrap\" data-name=\"your-name\"><input size=\"40\" maxlength=\"400\" class=\"wpcf7-form-control wpcf7-text wpcf7-validates-as-required form-control\" aria-required=\"true\" aria-invalid=\"false\" placeholder=\"Jm\u00e9no *\" value=\"\" type=\"text\" name=\"your-name\" \/><\/span>\n\t\t<\/p>\n\t<\/div>\n\t<div class=\"form-group col-6\">\n\t\t<p><span class=\"wpcf7-form-control-wrap\" data-name=\"your-email\"><input size=\"40\" maxlength=\"400\" class=\"wpcf7-form-control wpcf7-email wpcf7-validates-as-required wpcf7-text wpcf7-validates-as-email form-control\" aria-required=\"true\" aria-invalid=\"false\" placeholder=\"Email *\" value=\"\" type=\"email\" name=\"your-email\" \/><\/span>\n\t\t<\/p>\n\t<\/div>\n\t<div class=\"form-group col-6\">\n\t\t<p><span class=\"wpcf7-form-control-wrap\" data-name=\"your-number\"><input size=\"40\" maxlength=\"400\" class=\"wpcf7-form-control wpcf7-tel wpcf7-validates-as-required wpcf7-text wpcf7-validates-as-tel form-control\" aria-required=\"true\" aria-invalid=\"false\" placeholder=\"Telefon *\" value=\"\" type=\"tel\" name=\"your-number\" \/><\/span>\n\t\t<\/p>\n\t<\/div>\n\t<div class=\"form-group col-6\">\n\t\t<p><span class=\"wpcf7-form-control-wrap\" data-name=\"file\"><input size=\"40\" class=\"wpcf7-form-control wpcf7-file\" accept=\".pdf,.doc,.docx,.odt,.jpg,.jpeg,.png,.gif,.svg,.webp,.mp4,.mov,.avi,.mp3,.wav,.ogg,.zip,.rar\" aria-invalid=\"false\" type=\"file\" name=\"file\" \/><\/span>\n\t\t<\/p>\n\t\t<div class=\"form-text text-muted\">\n\t\t\t<p>P\u0159ipojte CV nebo uk\u00e1zky prac\u00ed.\n\t\t\t<\/p>\n\t\t<\/div>\n\t<\/div>\n\t<div class=\"form-group col-12\">\n\t\t<p><span class=\"wpcf7-form-control-wrap\" data-name=\"message\"><textarea cols=\"40\" rows=\"10\" maxlength=\"2000\" class=\"wpcf7-form-control wpcf7-textarea wpcf7-validates-as-required form-control\" aria-required=\"true\" aria-invalid=\"false\" placeholder=\"Zpr\u00e1va*\" name=\"message\"><\/textarea><\/span>\n\t\t<\/p>\n\t<\/div>\n\t<div class=\"form-group col-12\">\n\t\t<p style=\"font-size:13px;\">* Odesl\u00e1n\u00edm formul\u00e1\u0159e souhlas\u00edte se <a href=\"\/cs\/ochrana-osobnich-udaju\/\" target=\"blank\">Z\u00e1sadami ochrany osobn\u00edch \u00fadaj\u016f.<\/a>\n\t\t<\/p>\n\t<\/div>\n\t<div class=\"ms-cf--bottom\">\n\t\t<p><input class=\"wpcf7-form-control wpcf7-submit has-spinner btn\" type=\"submit\" value=\"Odeslat\" \/>\n\t\t<\/p>\n\t<\/div>\n<\/div><div class=\"wpcf7-response-output\" aria-hidden=\"true\"><\/div>\n<input type=\"hidden\" name=\"trp-form-language\" value=\"cs\"\/><\/form>\n<\/div>\n<\/div>\n\t\t\t\t\t\t<\/div>\n\t\t\t\t<\/div>\n\t\t\t\t\t<\/div>\n\t\t<\/div>\n\t\t\t\t\t<\/div>\n\t\t<\/section>\n\t\t\t\t<div class=\"elementor-element elementor-element-753fa586 elementor-widget elementor-widget-spacer\" data-id=\"753fa586\" data-element_type=\"widget\" data-e-type=\"widget\" data-widget_type=\"spacer.default\">\n\t\t\t\t<div class=\"elementor-widget-container\">\n\t\t\t\t\t\t\t<div class=\"elementor-spacer\">\n\t\t\t<div class=\"elementor-spacer-inner\"><\/div>\n\t\t<\/div>\n\t\t\t\t\t\t<\/div>\n\t\t\t\t<\/div>\n\t\t\t\t\t<\/div>\n\t\t<\/div>\n\t\t\t\t\t<\/div>\n\t\t<\/section>\n\t\t\t\t<\/div>","protected":false},"excerpt":{"rendered":"<p>Hled\u00e1me Komunika\u010dn\u00edho Specialistu! Ne\u010dekej klidnou j\u00edzdu po d\u00e1lnici. Tohle je off-road. Hled\u00e1me komunika\u010dn\u00edho specialistu, kter\u00fd rozum\u00ed obsahu, kampan\u00edm i komunit\u011b. Kdo ch\u00e1pe, \u017ee strategie [&hellip;]<\/p>\n","protected":false},"author":1,"featured_media":0,"parent":0,"menu_order":0,"comment_status":"closed","ping_status":"closed","template":"page-custom.php","meta":{"_acf_changed":false,"footnotes":""},"class_list":["post-6878","page","type-page","status-publish","hentry"],"acf":{"header_transparent":false},"_links":{"self":[{"href":"https:\/\/mmproduction.agency\/cs\/wp-json\/wp\/v2\/pages\/6878","targetHints":{"allow":["GET"]}}],"collection":[{"href":"https:\/\/mmproduction.agency\/cs\/wp-json\/wp\/v2\/pages"}],"about":[{"href":"https:\/\/mmproduction.agency\/cs\/wp-json\/wp\/v2\/types\/page"}],"author":[{"embeddable":true,"href":"https:\/\/mmproduction.agency\/cs\/wp-json\/wp\/v2\/users\/1"}],"replies":[{"embeddable":true,"href":"https:\/\/mmproduction.agency\/cs\/wp-json\/wp\/v2\/comments?post=6878"}],"version-history":[{"count":10,"href":"https:\/\/mmproduction.agency\/cs\/wp-json\/wp\/v2\/pages\/6878\/revisions"}],"predecessor-version":[{"id":6971,"href":"https:\/\/mmproduction.agency\/cs\/wp-json\/wp\/v2\/pages\/6878\/revisions\/6971"}],"wp:attachment":[{"href":"https:\/\/mmproduction.agency\/cs\/wp-json\/wp\/v2\/media?parent=6878"}],"curies":[{"name":"wp","href":"https:\/\/api.w.org\/{rel}","templated":true}]}}