{"id":6909,"date":"2025-07-18T18:53:06","date_gmt":"2025-07-18T16:53:06","guid":{"rendered":"https:\/\/mmproduction.agency\/?page_id=6909"},"modified":"2025-07-18T18:55:37","modified_gmt":"2025-07-18T16:55:37","slug":"marketing-junior","status":"publish","type":"page","link":"https:\/\/mmproduction.agency\/cs\/marketing-junior\/","title":{"rendered":"Marketing junior"},"content":{"rendered":"<div data-elementor-type=\"wp-page\" data-elementor-id=\"6909\" class=\"elementor elementor-6909\" data-elementor-post-type=\"page\">\n\t\t\t\t\t\t<section class=\"elementor-section elementor-top-section elementor-element elementor-element-7378584 elementor-section-boxed elementor-section-height-default elementor-section-height-default\" data-id=\"7378584\" data-element_type=\"section\" data-e-type=\"section\" data-settings=\"{&quot;background_background&quot;:&quot;classic&quot;}\">\n\t\t\t\t\t\t<div class=\"elementor-container elementor-column-gap-default\">\n\t\t\t\t\t<div class=\"elementor-column elementor-col-100 elementor-top-column elementor-element elementor-element-1668434\" data-id=\"1668434\" data-element_type=\"column\" data-e-type=\"column\">\n\t\t\t<div class=\"elementor-widget-wrap elementor-element-populated\">\n\t\t\t\t\t\t<div class=\"elementor-element elementor-element-4ce418d elementor-widget elementor-widget-text-editor\" data-id=\"4ce418d\" data-element_type=\"widget\" data-e-type=\"widget\" data-widget_type=\"text-editor.default\">\n\t\t\t\t<div class=\"elementor-widget-container\">\n\t\t\t\t\t\t\t\t\t<p>Hled\u00e1me Marketing Juniora!<\/p>\t\t\t\t\t\t\t\t<\/div>\n\t\t\t\t<\/div>\n\t\t\t\t\t<\/div>\n\t\t<\/div>\n\t\t\t\t\t<\/div>\n\t\t<\/section>\n\t\t<div class=\"elementor-element elementor-element-fa91f71 e-flex e-con-boxed e-con e-parent\" data-id=\"fa91f71\" data-element_type=\"container\" data-e-type=\"container\">\n\t\t\t\t\t<div class=\"e-con-inner\">\n\t\t\t\t<div class=\"elementor-element elementor-element-fba944d elementor-widget elementor-widget-text-editor\" data-id=\"fba944d\" data-element_type=\"widget\" data-e-type=\"widget\" data-widget_type=\"text-editor.default\">\n\t\t\t\t<div class=\"elementor-widget-container\">\n\t\t\t\t\t\t\t\t\t<p>Hled\u00e1me <strong>Marketing Juniora<\/strong> \u2013 n\u011bkoho, kdo bude oporou komunika\u010dn\u00edho t\u00fdmu. Bude\u0161 ten, kdo se star\u00e1, \u017ee komunikace b\u011b\u017e\u00ed, jak m\u00e1 a tam, kde m\u00e1.<\/p>\n<p><strong>&nbsp;<\/strong><\/p>\n<p><strong>Co bude\u0161 d\u011blat?<\/strong><\/p>\n<p><strong>&nbsp;<\/strong><\/p>\n<ul>\n<li>Starat se o denn\u00ed provoz soci\u00e1ln\u00edch s\u00edt\u00ed \u2013 od post\u016f po komunikaci se sleduj\u00edc\u00edmi<\/li>\n<li>Publikovat p\u0159ipraven\u00fd obsah na profilech, kter\u00e9 spravujeme a dr\u017eet si p\u0159ehled o tom, kter\u00fd profil, co publikuje<\/li>\n<li>Podporovat komunika\u010dn\u00ed t\u00fdm \u2013 v&nbsp;kancel\u00e1\u0159i i mimo ni<\/li>\n<li>Pom\u00e1hat se zaji\u0161t\u011bn\u00edm hladk\u00e9ho pr\u016fb\u011bhu kampan\u00ed i event\u016f<\/li>\n<\/ul>\n<p><strong>&nbsp;<\/strong><\/p>\n<p><strong>Co bys m\u011bl um\u011bt?<\/strong><\/p>\n<p><strong>&nbsp;<\/strong><\/p>\n<ul>\n<li>C\u00edtit se jako doma na soci\u00e1ln\u00edch s\u00edt\u00edch a nepanika\u0159it, kdy\u017e Meta zm\u011bn\u00ed tla\u010d\u00edtko<\/li>\n<li>Flexibiln\u011b reagovat a spolupracovat s&nbsp;t\u00fdmem<\/li>\n<li>B\u00fdt samostatn\u00fd\/\u00e1, ale v\u011bd\u011bt, kdy si \u0159\u00edct o pomoc<\/li>\n<li>Udr\u017eet si p\u0159ehled mezi v\u00edcero projekty<\/li>\n<li>V\u011bd\u011bt, k \u010demu jsou Google Docs nebo Dropbox<\/li>\n<li>M\u00edt chu\u0165 se u\u010dit pracovat s&nbsp;marketingov\u00fdmi n\u00e1stroji \u2013 t\u0159eba s&nbsp;AI nebo CRM aplikacemi<\/li>\n<li>Udr\u017eet si spr\u00e1vn\u00fd nalad\u011bn\u00ed, i kdy\u017e naraz\u00ed\u0161 na p\u0159ek\u00e1\u017eku<\/li>\n<\/ul>\n<p><strong>&nbsp;<\/strong><\/p>\n<p><strong>Co nab\u00edz\u00edme<\/strong><\/p>\n<p><strong>&nbsp;<\/strong><\/p>\n<ul>\n<li>T\u00fdm, kter\u00fd t\u011b p\u0159ijme mezi sebe a se kter\u00fdm se nebude\u0161 nudit<\/li>\n<li>Pr\u00e1ci na osobit\u00fdch zna\u010dk\u00e1ch a projektech<\/li>\n<li>Mo\u017enost u\u010dit se a r\u016fst \u2013 nejen pozic\u00ed, ale i odpov\u011bdnost\u00ed<\/li>\n<li>Polovi\u010dn\u00ed a\u017e pln\u00fd \u00favazek<\/li>\n<li>Chceme se s&nbsp;tebou v\u00eddat v&nbsp;kancel\u00e1\u0159i v&nbsp;Sedl\u010danech, ale m\u016f\u017ee\u0161 pravideln\u011b vyu\u017e\u00edvat home-office<\/li>\n<li>Odm\u011bnu a\u017e 30 000 K\u010d podle zku\u0161enost\u00ed, rozsahu a formy spolupr\u00e1ce<\/li>\n<\/ul>\n<div>&nbsp;<\/div>\n<p><img decoding=\"async\" class=\"emoji\" role=\"img\" draggable=\"false\" src=\"https:\/\/s.w.org\/images\/core\/emoji\/16.0.1\/svg\/1f3af.svg\" alt=\"\ud83c\udfaf\"> Um\u00ed\u0161 dr\u017eet sm\u011br a chce\u0161 komunikaci porozum\u011bt od A do Z? Ozvi se. Po\u0161li p\u00e1r slov o sob\u011b, p\u0159iho\u010f profil nebo i p\u0159\u00edb\u011bh o tom, co se ti zat\u00edm nejv\u00edc povedlo a t\u0159eba si to vz\u00e1jemn\u011b sedne.<\/p>\t\t\t\t\t\t\t\t<\/div>\n\t\t\t\t<\/div>\n\t\t\t\t\t<\/div>\n\t\t\t\t<\/div>\n\t\t\t\t<section class=\"elementor-section elementor-top-section elementor-element elementor-element-b07876c elementor-section-boxed elementor-section-height-default elementor-section-height-default\" data-id=\"b07876c\" data-element_type=\"section\" data-e-type=\"section\" data-settings=\"{&quot;background_background&quot;:&quot;classic&quot;}\">\n\t\t\t\t\t\t<div class=\"elementor-container elementor-column-gap-default\">\n\t\t\t\t\t<div class=\"elementor-column elementor-col-100 elementor-top-column elementor-element elementor-element-729f765\" data-id=\"729f765\" data-element_type=\"column\" data-e-type=\"column\">\n\t\t\t<div class=\"elementor-widget-wrap elementor-element-populated\">\n\t\t\t\t\t\t<div class=\"elementor-element elementor-element-c012f00 elementor-widget elementor-widget-text-editor\" data-id=\"c012f00\" data-element_type=\"widget\" data-e-type=\"widget\" data-widget_type=\"text-editor.default\">\n\t\t\t\t<div class=\"elementor-widget-container\">\n\t\t\t\t\t\t\t\t\t<div>Jsi p\u0159ipraven\/a?<\/div>\t\t\t\t\t\t\t\t<\/div>\n\t\t\t\t<\/div>\n\t\t\t\t\t<\/div>\n\t\t<\/div>\n\t\t\t\t\t<\/div>\n\t\t<\/section>\n\t\t\t\t<section class=\"elementor-section elementor-top-section elementor-element elementor-element-d3ccec elementor-section-boxed elementor-section-height-default elementor-section-height-default\" data-id=\"d3ccec\" data-element_type=\"section\" data-e-type=\"section\">\n\t\t\t\t\t\t<div class=\"elementor-container elementor-column-gap-no\">\n\t\t\t\t\t<div class=\"elementor-column elementor-col-100 elementor-top-column elementor-element elementor-element-5b33c64b\" data-id=\"5b33c64b\" data-element_type=\"column\" data-e-type=\"column\">\n\t\t\t<div class=\"elementor-widget-wrap elementor-element-populated\">\n\t\t\t\t\t\t<section class=\"elementor-section elementor-inner-section elementor-element elementor-element-1e9a822d elementor-section-full_width elementor-section-height-default elementor-section-height-default\" data-id=\"1e9a822d\" data-element_type=\"section\" data-e-type=\"section\">\n\t\t\t\t\t\t<div class=\"elementor-container elementor-column-gap-extended\">\n\t\t\t\t\t<div class=\"elementor-column elementor-col-50 elementor-inner-column elementor-element elementor-element-5e7b9b17\" data-id=\"5e7b9b17\" data-element_type=\"column\" data-e-type=\"column\">\n\t\t\t<div class=\"elementor-widget-wrap elementor-element-populated\">\n\t\t\t\t\t\t<div class=\"elementor-element elementor-element-2c877c3a elementor-widget elementor-widget-text-editor\" data-id=\"2c877c3a\" data-element_type=\"widget\" data-e-type=\"widget\" data-widget_type=\"text-editor.default\">\n\t\t\t\t<div class=\"elementor-widget-container\">\n\t\t\t\t\t\t\t\t\t<p data-start=\"247\" data-end=\"455\">Pokud t\u011b bav\u00ed tvo\u0159it obsah, kter\u00fd m\u00e1 drive a smysl, jsi na spr\u00e1vn\u00e9 adrese. Hled\u00e1me par\u0165\u00e1ka, kter\u00fd miluje pohyb, tempo a autenti\u010dnost. Vypl\u0148 kr\u00e1tk\u00fd formul\u00e1\u0159 a dej n\u00e1m v\u011bd\u011bt, jak\u00fd p\u0159\u00edb\u011bh bychom mohli tvo\u0159it spole\u010dn\u011b.<\/p>\t\t\t\t\t\t\t\t<\/div>\n\t\t\t\t<\/div>\n\t\t\t\t<section class=\"elementor-section elementor-inner-section elementor-element elementor-element-488cec1c elementor-section-full_width elementor-section-height-default elementor-section-height-default\" data-id=\"488cec1c\" data-element_type=\"section\" data-e-type=\"section\">\n\t\t\t\t\t\t<div class=\"elementor-container elementor-column-gap-no\">\n\t\t\t\t\t<div class=\"elementor-column elementor-col-100 elementor-inner-column elementor-element elementor-element-35d484bb\" data-id=\"35d484bb\" data-element_type=\"column\" data-e-type=\"column\">\n\t\t\t<div class=\"elementor-widget-wrap elementor-element-populated\">\n\t\t\t\t\t\t<div class=\"elementor-element elementor-element-2a1575d7 elementor-widget elementor-widget-heading\" data-id=\"2a1575d7\" data-element_type=\"widget\" data-e-type=\"widget\" data-widget_type=\"heading.default\">\n\t\t\t\t<div class=\"elementor-widget-container\">\n\t\t\t\t\t<h4 class=\"elementor-heading-title elementor-size-default\">Email:<\/h4>\t\t\t\t<\/div>\n\t\t\t\t<\/div>\n\t\t\t\t<div class=\"elementor-element elementor-element-4b7b4cf elementor-widget elementor-widget-text-editor\" data-id=\"4b7b4cf\" data-element_type=\"widget\" data-e-type=\"widget\" data-widget_type=\"text-editor.default\">\n\t\t\t\t<div class=\"elementor-widget-container\">\n\t\t\t\t\t\t\t\t\t<a href=\"mailto:jobs@mmproduction.agency\">jobs@mmproduction.agency<\/a>\t\t\t\t\t\t\t\t<\/div>\n\t\t\t\t<\/div>\n\t\t\t\t\t<\/div>\n\t\t<\/div>\n\t\t\t\t\t<\/div>\n\t\t<\/section>\n\t\t\t\t<section class=\"elementor-section elementor-inner-section elementor-element elementor-element-6047c95 elementor-section-full_width elementor-section-height-default elementor-section-height-default\" data-id=\"6047c95\" data-element_type=\"section\" data-e-type=\"section\">\n\t\t\t\t\t\t<div class=\"elementor-container elementor-column-gap-no\">\n\t\t\t\t\t<div class=\"elementor-column elementor-col-100 elementor-inner-column elementor-element elementor-element-33ca3a86\" data-id=\"33ca3a86\" data-element_type=\"column\" data-e-type=\"column\">\n\t\t\t<div class=\"elementor-widget-wrap elementor-element-populated\">\n\t\t\t\t\t\t<div class=\"elementor-element elementor-element-5939ac7e elementor-widget elementor-widget-heading\" data-id=\"5939ac7e\" data-element_type=\"widget\" data-e-type=\"widget\" data-widget_type=\"heading.default\">\n\t\t\t\t<div class=\"elementor-widget-container\">\n\t\t\t\t\t<h4 class=\"elementor-heading-title elementor-size-default\">Telefon:<\/h4>\t\t\t\t<\/div>\n\t\t\t\t<\/div>\n\t\t\t\t<div class=\"elementor-element elementor-element-45ad87ae elementor-widget elementor-widget-text-editor\" data-id=\"45ad87ae\" data-element_type=\"widget\" data-e-type=\"widget\" data-widget_type=\"text-editor.default\">\n\t\t\t\t<div class=\"elementor-widget-container\">\n\t\t\t\t\t\t\t\t\t<a href=\"tel:+420 799 025 566\">+420 799 025 566<\/a>\t\t\t\t\t\t\t\t<\/div>\n\t\t\t\t<\/div>\n\t\t\t\t\t<\/div>\n\t\t<\/div>\n\t\t\t\t\t<\/div>\n\t\t<\/section>\n\t\t\t\t\t<\/div>\n\t\t<\/div>\n\t\t\t\t<div class=\"elementor-column elementor-col-50 elementor-inner-column elementor-element elementor-element-4112c9c2\" data-id=\"4112c9c2\" data-element_type=\"column\" data-e-type=\"column\">\n\t\t\t<div class=\"elementor-widget-wrap elementor-element-populated\">\n\t\t\t\t\t\t<div class=\"elementor-element elementor-element-5ce368b4 elementor-widget elementor-widget-shortcode\" data-id=\"5ce368b4\" data-element_type=\"widget\" data-e-type=\"widget\" data-widget_type=\"shortcode.default\">\n\t\t\t\t<div class=\"elementor-widget-container\">\n\t\t\t\t\t\t\t<div class=\"elementor-shortcode\">\n<div class=\"wpcf7 no-js\" id=\"wpcf7-f6904-o1\" lang=\"en-US\" dir=\"ltr\" data-wpcf7-id=\"6904\">\n<div class=\"screen-reader-response\"><p role=\"status\" aria-live=\"polite\" aria-atomic=\"true\"><\/p> <ul><\/ul><\/div>\n<form action=\"\/cs\/wp-json\/wp\/v2\/pages\/6909#wpcf7-f6904-o1\" method=\"post\" class=\"wpcf7-form init\" aria-label=\"Contact form\" enctype=\"multipart\/form-data\" novalidate=\"novalidate\" data-status=\"init\" data-trp-original-action=\"\/cs\/wp-json\/wp\/v2\/pages\/6909#wpcf7-f6904-o1\">\n<fieldset class=\"hidden-fields-container\"><input type=\"hidden\" name=\"_wpcf7\" value=\"6904\" \/><input type=\"hidden\" name=\"_wpcf7_version\" value=\"6.1.5\" \/><input type=\"hidden\" name=\"_wpcf7_locale\" value=\"en_US\" \/><input type=\"hidden\" name=\"_wpcf7_unit_tag\" value=\"wpcf7-f6904-o1\" \/><input type=\"hidden\" name=\"_wpcf7_container_post\" value=\"0\" \/><input type=\"hidden\" name=\"_wpcf7_posted_data_hash\" value=\"\" \/>\n<\/fieldset>\n<div class=\"row\">\n\t<div class=\"form-group col-6\">\n\t\t<p><span class=\"wpcf7-form-control-wrap\" data-name=\"your-name\"><input size=\"40\" maxlength=\"400\" class=\"wpcf7-form-control wpcf7-text wpcf7-validates-as-required form-control\" aria-required=\"true\" aria-invalid=\"false\" placeholder=\"Jm\u00e9no *\" value=\"\" type=\"text\" name=\"your-name\" \/><\/span>\n\t\t<\/p>\n\t<\/div>\n\t<div class=\"form-group col-6\">\n\t\t<p><span class=\"wpcf7-form-control-wrap\" data-name=\"your-email\"><input size=\"40\" maxlength=\"400\" class=\"wpcf7-form-control wpcf7-email wpcf7-validates-as-required wpcf7-text wpcf7-validates-as-email form-control\" aria-required=\"true\" aria-invalid=\"false\" placeholder=\"Email *\" value=\"\" type=\"email\" name=\"your-email\" \/><\/span>\n\t\t<\/p>\n\t<\/div>\n\t<div class=\"form-group col-6\">\n\t\t<p><span class=\"wpcf7-form-control-wrap\" data-name=\"your-number\"><input size=\"40\" maxlength=\"400\" class=\"wpcf7-form-control wpcf7-tel wpcf7-validates-as-required wpcf7-text wpcf7-validates-as-tel form-control\" aria-required=\"true\" aria-invalid=\"false\" placeholder=\"Telefon *\" value=\"\" type=\"tel\" name=\"your-number\" \/><\/span>\n\t\t<\/p>\n\t<\/div>\n\t<div class=\"form-group col-6\">\n\t\t<p><span class=\"wpcf7-form-control-wrap\" data-name=\"file\"><input size=\"40\" class=\"wpcf7-form-control wpcf7-file\" accept=\".pdf,.doc,.docx,.odt,.jpg,.jpeg,.png,.gif,.svg,.webp,.mp4,.mov,.avi,.mp3,.wav,.ogg,.zip,.rar\" aria-invalid=\"false\" type=\"file\" name=\"file\" \/><\/span>\n\t\t<\/p>\n\t\t<div class=\"form-text text-muted\">\n\t\t\t<p>P\u0159ipojte CV nebo uk\u00e1zky prac\u00ed.\n\t\t\t<\/p>\n\t\t<\/div>\n\t<\/div>\n\t<div class=\"form-group col-12\">\n\t\t<p><span class=\"wpcf7-form-control-wrap\" data-name=\"message\"><textarea cols=\"40\" rows=\"10\" maxlength=\"2000\" class=\"wpcf7-form-control wpcf7-textarea wpcf7-validates-as-required form-control\" aria-required=\"true\" aria-invalid=\"false\" placeholder=\"Zpr\u00e1va*\" name=\"message\"><\/textarea><\/span>\n\t\t<\/p>\n\t<\/div>\n\t<div class=\"form-group col-12\">\n\t\t<p style=\"font-size:13px;\">* Odesl\u00e1n\u00edm formul\u00e1\u0159e souhlas\u00edte se <a href=\"\/cs\/ochrana-osobnich-udaju\/\" target=\"blank\">Z\u00e1sadami ochrany osobn\u00edch \u00fadaj\u016f.<\/a>\n\t\t<\/p>\n\t<\/div>\n\t<div class=\"ms-cf--bottom\">\n\t\t<p><input class=\"wpcf7-form-control wpcf7-submit has-spinner btn\" type=\"submit\" value=\"Odeslat\" \/>\n\t\t<\/p>\n\t<\/div>\n<\/div><div class=\"wpcf7-response-output\" aria-hidden=\"true\"><\/div>\n<input type=\"hidden\" name=\"trp-form-language\" value=\"cs\"\/><\/form>\n<\/div>\n<\/div>\n\t\t\t\t\t\t<\/div>\n\t\t\t\t<\/div>\n\t\t\t\t\t<\/div>\n\t\t<\/div>\n\t\t\t\t\t<\/div>\n\t\t<\/section>\n\t\t\t\t<div class=\"elementor-element elementor-element-753fa586 elementor-widget elementor-widget-spacer\" data-id=\"753fa586\" data-element_type=\"widget\" data-e-type=\"widget\" data-widget_type=\"spacer.default\">\n\t\t\t\t<div class=\"elementor-widget-container\">\n\t\t\t\t\t\t\t<div class=\"elementor-spacer\">\n\t\t\t<div class=\"elementor-spacer-inner\"><\/div>\n\t\t<\/div>\n\t\t\t\t\t\t<\/div>\n\t\t\t\t<\/div>\n\t\t\t\t\t<\/div>\n\t\t<\/div>\n\t\t\t\t\t<\/div>\n\t\t<\/section>\n\t\t\t\t<\/div>","protected":false},"excerpt":{"rendered":"<p>Hled\u00e1me Marketing Juniora! Hled\u00e1me Marketing Juniora \u2013 n\u011bkoho, kdo bude oporou komunika\u010dn\u00edho t\u00fdmu. Bude\u0161 ten, kdo se star\u00e1, \u017ee komunikace b\u011b\u017e\u00ed, jak m\u00e1 a [&hellip;]<\/p>\n","protected":false},"author":1,"featured_media":0,"parent":0,"menu_order":0,"comment_status":"closed","ping_status":"closed","template":"page-custom.php","meta":{"_acf_changed":false,"footnotes":""},"class_list":["post-6909","page","type-page","status-publish","hentry"],"acf":{"header_transparent":false},"_links":{"self":[{"href":"https:\/\/mmproduction.agency\/cs\/wp-json\/wp\/v2\/pages\/6909","targetHints":{"allow":["GET"]}}],"collection":[{"href":"https:\/\/mmproduction.agency\/cs\/wp-json\/wp\/v2\/pages"}],"about":[{"href":"https:\/\/mmproduction.agency\/cs\/wp-json\/wp\/v2\/types\/page"}],"author":[{"embeddable":true,"href":"https:\/\/mmproduction.agency\/cs\/wp-json\/wp\/v2\/users\/1"}],"replies":[{"embeddable":true,"href":"https:\/\/mmproduction.agency\/cs\/wp-json\/wp\/v2\/comments?post=6909"}],"version-history":[{"count":10,"href":"https:\/\/mmproduction.agency\/cs\/wp-json\/wp\/v2\/pages\/6909\/revisions"}],"predecessor-version":[{"id":6919,"href":"https:\/\/mmproduction.agency\/cs\/wp-json\/wp\/v2\/pages\/6909\/revisions\/6919"}],"wp:attachment":[{"href":"https:\/\/mmproduction.agency\/cs\/wp-json\/wp\/v2\/media?parent=6909"}],"curies":[{"name":"wp","href":"https:\/\/api.w.org\/{rel}","templated":true}]}}